{"id":936,"date":"2024-09-14T22:31:52","date_gmt":"2024-09-14T19:31:52","guid":{"rendered":"https:\/\/platformgumrukleme.com.tr\/?page_id=936"},"modified":"2024-09-15T23:29:38","modified_gmt":"2024-09-15T20:29:38","slug":"dijital-arsiv-hizmeti","status":"publish","type":"page","link":"https:\/\/platformgumrukleme.com.tr\/index.php\/dijital-arsiv-hizmeti\/","title":{"rendered":"Dijital Ar\u015fiv Hizmeti"},"content":{"rendered":"<style>.elementor-936 .elementor-element.elementor-element-35c4e2b9{--display:flex;--flex-direction:row;--container-widget-width:initial;--container-widget-height:100%;--container-widget-flex-grow:1;--container-widget-align-self:stretch;--flex-wrap-mobile:wrap;--gap:0px 0px;--row-gap:0px;--column-gap:0px;--overlay-opacity:0.8;--margin-top:0px;--margin-bottom:0px;--margin-left:0px;--margin-right:0px;--padding-top:120px;--padding-bottom:120px;--padding-left:0px;--padding-right:0px;}.elementor-936 .elementor-element.elementor-element-35c4e2b9:not(.elementor-motion-effects-element-type-background), .elementor-936 .elementor-element.elementor-element-35c4e2b9 > .elementor-motion-effects-container > .elementor-motion-effects-layer{background-image:url(\"https:\/\/platformgumrukleme.com.tr\/wp-content\/uploads\/2024\/09\/headers-new.png\");background-position:center center;background-repeat:no-repeat;background-size:cover;}.elementor-936 .elementor-element.elementor-element-35c4e2b9::before, .elementor-936 .elementor-element.elementor-element-35c4e2b9 > .elementor-background-video-container::before, .elementor-936 .elementor-element.elementor-element-35c4e2b9 > .e-con-inner > .elementor-background-video-container::before, .elementor-936 .elementor-element.elementor-element-35c4e2b9 > .elementor-background-slideshow::before, .elementor-936 .elementor-element.elementor-element-35c4e2b9 > .e-con-inner > .elementor-background-slideshow::before, .elementor-936 .elementor-element.elementor-element-35c4e2b9 > .elementor-motion-effects-container > .elementor-motion-effects-layer::before{--background-overlay:'';background-color:transparent;background-image:linear-gradient(90deg, var( --e-global-color-3737bc3 ) 30%, #00000003 100%);}.elementor-936 .elementor-element.elementor-element-5d90f9f7{--display:flex;--flex-direction:column;--container-widget-width:100%;--container-widget-height:initial;--container-widget-flex-grow:0;--container-widget-align-self:initial;--flex-wrap-mobile:wrap;--gap:0px 0px;--row-gap:0px;--column-gap:0px;--margin-top:0px;--margin-bottom:0px;--margin-left:0px;--margin-right:0px;--padding-top:0px;--padding-bottom:0px;--padding-left:0px;--padding-right:0px;}.elementor-936 .elementor-element.elementor-element-4408bd1f{text-align:start;}.elementor-936 .elementor-element.elementor-element-4408bd1f .elementor-heading-title{font-family:\"Bebas Neue\", Sans-serif;font-size:65px;font-weight:700;text-transform:capitalize;line-height:71px;letter-spacing:0px;color:var( --e-global-color-6f8b727 );}.elementor-936 .elementor-element.elementor-element-4408bd1f > .elementor-widget-container{margin:0px 0px 0px 0px;padding:0px 0px 0px 0px;}.elementor-936 .elementor-element.elementor-element-797ef6c{--display:flex;--flex-direction:column;--container-widget-width:100%;--container-widget-height:initial;--container-widget-flex-grow:0;--container-widget-align-self:initial;--flex-wrap-mobile:wrap;}.elementor-936 .elementor-element.elementor-element-b14d5cf{--spacer-size:50px;}.elementor-936 .elementor-element.elementor-element-fbe47d8{--display:flex;--flex-direction:row;--container-widget-width:initial;--container-widget-height:100%;--container-widget-flex-grow:1;--container-widget-align-self:stretch;--flex-wrap-mobile:wrap;--gap:0px 0px;--row-gap:0px;--column-gap:0px;}.elementor-936 .elementor-element.elementor-element-871ae91{--display:flex;--flex-direction:column;--container-widget-width:100%;--container-widget-height:initial;--container-widget-flex-grow:0;--container-widget-align-self:initial;--flex-wrap-mobile:wrap;}.elementor-936 .elementor-element.elementor-element-52d28db7{column-gap:0px;text-align:start;}.elementor-936 .elementor-element.elementor-element-52d28db7 > .elementor-widget-container{margin:0px 0px 0px 0px;padding:0px 0px 0px 0px;}.elementor-936 .elementor-element.elementor-element-e1b4a73{--display:flex;--flex-direction:column;--container-widget-width:100%;--container-widget-height:initial;--container-widget-flex-grow:0;--container-widget-align-self:initial;--flex-wrap-mobile:wrap;}.elementor-936 .elementor-element.elementor-element-46c456f{--display:flex;--flex-direction:column;--container-widget-width:100%;--container-widget-height:initial;--container-widget-flex-grow:0;--container-widget-align-self:initial;--flex-wrap-mobile:wrap;}.elementor-936 .elementor-element.elementor-element-214c5ab{--spacer-size:50px;}:root{--page-title-display:none;}@media(min-width:768px){.elementor-936 .elementor-element.elementor-element-871ae91{--width:50%;}.elementor-936 .elementor-element.elementor-element-e1b4a73{--width:50%;}}@media(max-width:1024px){.elementor-936 .elementor-element.elementor-element-35c4e2b9{--margin-top:0px;--margin-bottom:0px;--margin-left:0px;--margin-right:0px;--padding-top:100px;--padding-bottom:100px;--padding-left:20px;--padding-right:20px;}.elementor-936 .elementor-element.elementor-element-4408bd1f .elementor-heading-title{font-size:50px;line-height:56px;}.elementor-936 .elementor-element.elementor-element-52d28db7 > .elementor-widget-container{margin:0px 0px 0px 0px;padding:10px 150px 0px 150px;}}@media(max-width:767px){.elementor-936 .elementor-element.elementor-element-35c4e2b9{--padding-top:100px;--padding-bottom:100px;--padding-left:20px;--padding-right:20px;}.elementor-936 .elementor-element.elementor-element-4408bd1f{text-align:center;}.elementor-936 .elementor-element.elementor-element-4408bd1f .elementor-heading-title{font-size:38px;line-height:44px;}.elementor-936 .elementor-element.elementor-element-52d28db7 > .elementor-widget-container{margin:0px 0px -15px 0px;padding:10px 0px 0px 0px;}}<\/style>\t\t<div data-elementor-type=\"wp-page\" data-elementor-id=\"936\" class=\"elementor elementor-936\">\n\t\t\t\t<div class=\"elementor-element elementor-element-35c4e2b9 e-con-full e-flex e-con e-parent\" data-id=\"35c4e2b9\" data-element_type=\"container\" data-e-type=\"container\" data-settings=\"{&quot;background_background&quot;:&quot;classic&quot;}\">\n\t\t<div class=\"elementor-element elementor-element-5d90f9f7 e-flex e-con-boxed e-con e-child\" data-id=\"5d90f9f7\" data-element_type=\"container\" data-e-type=\"container\">\n\t\t\t\t\t<div class=\"e-con-inner\">\n\t\t\t\t<div class=\"elementor-element elementor-element-4408bd1f elementor-widget elementor-widget-heading\" data-id=\"4408bd1f\" data-element_type=\"widget\" data-e-type=\"widget\" data-widget_type=\"heading.default\">\n\t\t\t\t<div class=\"elementor-widget-container\">\n\t\t\t\t\t<h2 class=\"elementor-heading-title elementor-size-default\">D\u0130J\u0130TAL AR\u015e\u0130V H\u0130ZMET\u0130<\/h2>\t\t\t\t<\/div>\n\t\t\t\t<\/div>\n\t\t\t\t\t<\/div>\n\t\t\t\t<\/div>\n\t\t\t\t<\/div>\n\t\t<div class=\"elementor-element elementor-element-797ef6c e-flex e-con-boxed e-con e-parent\" data-id=\"797ef6c\" data-element_type=\"container\" data-e-type=\"container\">\n\t\t\t\t\t<div class=\"e-con-inner\">\n\t\t\t\t<div class=\"elementor-element elementor-element-b14d5cf elementor-widget elementor-widget-spacer\" data-id=\"b14d5cf\" data-element_type=\"widget\" data-e-type=\"widget\" data-widget_type=\"spacer.default\">\n\t\t\t\t<div class=\"elementor-widget-container\">\n\t\t\t\t\t\t\t<div class=\"elementor-spacer\">\n\t\t\t<div class=\"elementor-spacer-inner\"><\/div>\n\t\t<\/div>\n\t\t\t\t\t\t<\/div>\n\t\t\t\t<\/div>\n\t\t\t\t\t<\/div>\n\t\t\t\t<\/div>\n\t\t<div class=\"elementor-element elementor-element-fbe47d8 e-flex e-con-boxed e-con e-parent\" data-id=\"fbe47d8\" data-element_type=\"container\" data-e-type=\"container\">\n\t\t\t\t\t<div class=\"e-con-inner\">\n\t\t<div class=\"elementor-element elementor-element-871ae91 e-con-full e-flex e-con e-child\" data-id=\"871ae91\" data-element_type=\"container\" data-e-type=\"container\">\n\t\t\t\t<div class=\"elementor-element elementor-element-52d28db7 elementor-widget elementor-widget-text-editor\" data-id=\"52d28db7\" data-element_type=\"widget\" data-e-type=\"widget\" data-widget_type=\"text-editor.default\">\n\t\t\t\t<div class=\"elementor-widget-container\">\n\t\t\t\t\t\t\t\t\t<p>G\u00fcmr\u00fcklemede dijital ar\u015fiv hizmeti, g\u00fcmr\u00fckleme s\u00fcrecinde kullan\u0131lan belgelerin dijital ortamda saklanmas\u0131n\u0131, y\u00f6netilmesini ve kolayca eri\u015filebilir hale getirilmesini sa\u011flayan bir hizmettir. Bu hizmet, \u00f6zellikle b\u00fcy\u00fck hacimli g\u00fcmr\u00fck i\u015flemleri yapan \u015firketler i\u00e7in i\u015f s\u00fcre\u00e7lerini h\u0131zland\u0131r\u0131r, maliyetleri d\u00fc\u015f\u00fcr\u00fcr ve g\u00fcmr\u00fck mevzuat\u0131na uyumu art\u0131r\u0131r.<\/p><p>Dijital ar\u015fiv hizmeti, g\u00fcmr\u00fckleme i\u015flemlerini \u015fu \u015fekillerde kolayla\u015ft\u0131r\u0131r:<\/p><p><strong>1. Belgelerin Dijitalle\u015ftirilmesi :<\/strong><br \/>&#8211; G\u00fcmr\u00fck beyannameleri, faturalar, ta\u015f\u0131ma belgeleri (kon\u015fimento), men\u015fe \u015fahadetnamesi gibi t\u00fcm fiziksel belgeler dijital ortamda ar\u015fivlenir.<br \/>&#8211; Belgelerin taranarak dijital ortama aktar\u0131lmas\u0131 ve gerekti\u011finde h\u0131zl\u0131ca eri\u015fim sa\u011flanmas\u0131.<\/p><p><strong>2. Dijital Belge Y\u00f6netimi :<\/strong><br \/>&#8211; Dijital ortama aktar\u0131lan belgelerin s\u0131n\u0131fland\u0131r\u0131lmas\u0131, kategorilere ayr\u0131lmas\u0131 ve g\u00fcvenli bir \u015fekilde depolanmas\u0131.<br \/>&#8211; Belirli belgelere veya dosyalara h\u0131zl\u0131ca ula\u015fmay\u0131 sa\u011flayan arama \u00f6zellikleri ve filtreleme se\u00e7enekleri.<\/p><p><strong>3. Yasal Uyumluluk :<\/strong><br \/>&#8211; Dijital ar\u015fivleme, yerel ve uluslararas\u0131 g\u00fcmr\u00fck mevzuat\u0131na uygun \u015fekilde yap\u0131l\u0131r. Belgelerin d\u00fczenli bir \u015fekilde saklanmas\u0131, vergi ve g\u00fcmr\u00fck denetimlerinde kolayl\u0131k sa\u011flar.<br \/>&#8211; G\u00fcmr\u00fck i\u015flemleri i\u00e7in belirlenen yasal s\u00fcreler boyunca (\u00f6rne\u011fin 5 y\u0131l) dijital ar\u015fivde belgelerin saklanmas\u0131 zorunludur. Bu s\u00fcreler boyunca belgelerin kaybolma riski ortadan kalkar.<\/p><p><strong>4. Eri\u015fim Kolayl\u0131\u011f\u0131 ve Payla\u015f\u0131m:<\/strong><br \/>&#8211; G\u00fcmr\u00fck i\u015flemlerinde gerekli belgelere, \u015firket i\u00e7inden yetkilendirilen ki\u015filer taraf\u0131ndan herhangi bir yerden eri\u015fim sa\u011flanabilir. Bu, \u00f6zellikle uzaktan \u00e7al\u0131\u015fma veya uluslararas\u0131 operasyonlar y\u00fcr\u00fcten firmalar i\u00e7in b\u00fcy\u00fck bir avantajd\u0131r.<br \/>&#8211; \u0130lgili kurumlar veya i\u015f ortaklar\u0131yla belge payla\u015f\u0131m\u0131n\u0131n dijital ortamda yap\u0131lmas\u0131 ve h\u0131zl\u0131 bir \u015fekilde ger\u00e7ekle\u015ftirilebilmesi.<\/p><p><strong>5. Veri G\u00fcvenli\u011fi ve Yedekleme:<\/strong><br \/>&#8211; Belgelerin g\u00fcvenli bir dijital ortamda saklanmas\u0131, yetkisiz eri\u015fimlere kar\u015f\u0131 koruma sa\u011flanmas\u0131.<br \/>&#8211; D\u00fczenli olarak yap\u0131lan yedekleme i\u015flemleri sayesinde belge kayb\u0131 riskinin minimize edilmesi.<\/p><p><strong>6. Zaman ve Maliyet Tasarrufu:<\/strong><br \/>&#8211; Fiziksel belge ar\u015fivleme ve saklama maliyetlerini d\u00fc\u015f\u00fcr\u00fcr.<br \/>&#8211; Belgelere h\u0131zl\u0131 eri\u015fim sa\u011fland\u0131\u011f\u0131 i\u00e7in g\u00fcmr\u00fckleme s\u00fcre\u00e7lerini h\u0131zland\u0131r\u0131r ve olas\u0131 gecikmelerin \u00f6n\u00fcne ge\u00e7er.<\/p><p><strong>7. \u00c7evre Dostu Bir \u00c7\u00f6z\u00fcm:<\/strong><br \/>&#8211; Fiziksel belgeler yerine dijital belgelerin kullan\u0131lmas\u0131 ka\u011f\u0131t israf\u0131n\u0131 azalt\u0131r, bu da \u00e7evre dostu bir yakla\u015f\u0131m sa\u011flar.<\/p><p>Dijital ar\u015fiv hizmeti, g\u00fcmr\u00fck i\u015flemlerinde belgelerin d\u00fczenli bir \u015fekilde y\u00f6netilmesine, kolay eri\u015filmesine ve uzun vadede maliyetlerin d\u00fc\u015f\u00fcr\u00fclmesine katk\u0131 sa\u011flar. Bu sistemler, ayn\u0131 zamanda \u015firketlerin denetim s\u00fcre\u00e7lerinde belgelerini h\u0131zla sunabilmelerine olanak tan\u0131r.<\/p>\t\t\t\t\t\t\t\t<\/div>\n\t\t\t\t<\/div>\n\t\t\t\t<\/div>\n\t\t<div class=\"elementor-element elementor-element-e1b4a73 e-con-full e-flex e-con e-child\" data-id=\"e1b4a73\" data-element_type=\"container\" data-e-type=\"container\">\n\t\t\t\t<div class=\"elementor-element elementor-element-9127bab elementor-widget elementor-widget-image\" data-id=\"9127bab\" data-element_type=\"widget\" data-e-type=\"widget\" data-widget_type=\"image.default\">\n\t\t\t\t<div class=\"elementor-widget-container\">\n\t\t\t\t\t\t\t\t\t\t\t\t\t\t\t<img fetchpriority=\"high\" decoding=\"async\" width=\"850\" height=\"1920\" src=\"https:\/\/platformgumrukleme.com.tr\/wp-content\/uploads\/2024\/09\/ee.png\" class=\"attachment-full size-full wp-image-938\" alt=\"\" srcset=\"https:\/\/platformgumrukleme.com.tr\/wp-content\/uploads\/2024\/09\/ee.png 850w, https:\/\/platformgumrukleme.com.tr\/wp-content\/uploads\/2024\/09\/ee-133x300.png 133w, https:\/\/platformgumrukleme.com.tr\/wp-content\/uploads\/2024\/09\/ee-453x1024.png 453w, https:\/\/platformgumrukleme.com.tr\/wp-content\/uploads\/2024\/09\/ee-768x1735.png 768w, https:\/\/platformgumrukleme.com.tr\/wp-content\/uploads\/2024\/09\/ee-680x1536.png 680w\" sizes=\"(max-width: 850px) 100vw, 850px\" \/>\t\t\t\t\t\t\t\t\t\t\t\t\t\t\t<\/div>\n\t\t\t\t<\/div>\n\t\t\t\t<\/div>\n\t\t\t\t\t<\/div>\n\t\t\t\t<\/div>\n\t\t<div class=\"elementor-element elementor-element-46c456f e-flex e-con-boxed e-con e-parent\" data-id=\"46c456f\" data-element_type=\"container\" data-e-type=\"container\">\n\t\t\t\t\t<div class=\"e-con-inner\">\n\t\t\t\t<div class=\"elementor-element elementor-element-214c5ab elementor-widget elementor-widget-spacer\" data-id=\"214c5ab\" data-element_type=\"widget\" data-e-type=\"widget\" data-widget_type=\"spacer.default\">\n\t\t\t\t<div class=\"elementor-widget-container\">\n\t\t\t\t\t\t\t<div class=\"elementor-spacer\">\n\t\t\t<div class=\"elementor-spacer-inner\"><\/div>\n\t\t<\/div>\n\t\t\t\t\t\t<\/div>\n\t\t\t\t<\/div>\n\t\t\t\t\t<\/div>\n\t\t\t\t<\/div>\n\t\t\t\t<\/div>\n\t\t","protected":false},"excerpt":{"rendered":"<p>D\u0130J\u0130TAL AR\u015e\u0130V H\u0130ZMET\u0130 G\u00fcmr\u00fcklemede dijital ar\u015fiv hizmeti, g\u00fcmr\u00fckleme s\u00fcrecinde kullan\u0131lan belgelerin dijital ortamda saklanmas\u0131n\u0131, y\u00f6netilmesini ve kolayca eri\u015filebilir hale getirilmesini sa\u011flayan bir hizmettir. Bu hizmet, \u00f6zellikle b\u00fcy\u00fck hacimli g\u00fcmr\u00fck i\u015flemleri yapan \u015firketler i\u00e7in i\u015f s\u00fcre\u00e7lerini h\u0131zland\u0131r\u0131r, maliyetleri d\u00fc\u015f\u00fcr\u00fcr ve g\u00fcmr\u00fck mevzuat\u0131na uyumu art\u0131r\u0131r. Dijital ar\u015fiv hizmeti, g\u00fcmr\u00fckleme i\u015flemlerini \u015fu \u015fekillerde kolayla\u015ft\u0131r\u0131r: 1. Belgelerin Dijitalle\u015ftirilmesi :&#8211; [&hellip;]<\/p>\n","protected":false},"author":1,"featured_media":0,"parent":0,"menu_order":0,"comment_status":"closed","ping_status":"closed","template":"elementor_header_footer","meta":{"footnotes":""},"class_list":["post-936","page","type-page","status-publish","hentry"],"_links":{"self":[{"href":"https:\/\/platformgumrukleme.com.tr\/index.php\/wp-json\/wp\/v2\/pages\/936","targetHints":{"allow":["GET"]}}],"collection":[{"href":"https:\/\/platformgumrukleme.com.tr\/index.php\/wp-json\/wp\/v2\/pages"}],"about":[{"href":"https:\/\/platformgumrukleme.com.tr\/index.php\/wp-json\/wp\/v2\/types\/page"}],"author":[{"embeddable":true,"href":"https:\/\/platformgumrukleme.com.tr\/index.php\/wp-json\/wp\/v2\/users\/1"}],"replies":[{"embeddable":true,"href":"https:\/\/platformgumrukleme.com.tr\/index.php\/wp-json\/wp\/v2\/comments?post=936"}],"version-history":[{"count":10,"href":"https:\/\/platformgumrukleme.com.tr\/index.php\/wp-json\/wp\/v2\/pages\/936\/revisions"}],"predecessor-version":[{"id":1204,"href":"https:\/\/platformgumrukleme.com.tr\/index.php\/wp-json\/wp\/v2\/pages\/936\/revisions\/1204"}],"wp:attachment":[{"href":"https:\/\/platformgumrukleme.com.tr\/index.php\/wp-json\/wp\/v2\/media?parent=936"}],"curies":[{"name":"wp","href":"https:\/\/api.w.org\/{rel}","templated":true}]}}