{"id":889,"date":"2024-09-14T21:39:50","date_gmt":"2024-09-14T18:39:50","guid":{"rendered":"https:\/\/platformgumrukleme.com.tr\/?page_id=889"},"modified":"2024-09-15T23:31:50","modified_gmt":"2024-09-15T20:31:50","slug":"ihracat-gumrukleme-hizmeti","status":"publish","type":"page","link":"https:\/\/platformgumrukleme.com.tr\/index.php\/ihracat-gumrukleme-hizmeti\/","title":{"rendered":"\u0130hracat G\u00fcmr\u00fckleme Hizmeti"},"content":{"rendered":"<style>.elementor-889 .elementor-element.elementor-element-35c4e2b9{--display:flex;--flex-direction:row;--container-widget-width:initial;--container-widget-height:100%;--container-widget-flex-grow:1;--container-widget-align-self:stretch;--flex-wrap-mobile:wrap;--gap:0px 0px;--row-gap:0px;--column-gap:0px;--overlay-opacity:0.8;--margin-top:0px;--margin-bottom:0px;--margin-left:0px;--margin-right:0px;--padding-top:120px;--padding-bottom:120px;--padding-left:0px;--padding-right:0px;}.elementor-889 .elementor-element.elementor-element-35c4e2b9:not(.elementor-motion-effects-element-type-background), .elementor-889 .elementor-element.elementor-element-35c4e2b9 > .elementor-motion-effects-container > .elementor-motion-effects-layer{background-image:url(\"https:\/\/platformgumrukleme.com.tr\/wp-content\/uploads\/2024\/09\/headers-new.png\");background-position:center center;background-repeat:no-repeat;background-size:cover;}.elementor-889 .elementor-element.elementor-element-35c4e2b9::before, .elementor-889 .elementor-element.elementor-element-35c4e2b9 > .elementor-background-video-container::before, .elementor-889 .elementor-element.elementor-element-35c4e2b9 > .e-con-inner > .elementor-background-video-container::before, .elementor-889 .elementor-element.elementor-element-35c4e2b9 > .elementor-background-slideshow::before, .elementor-889 .elementor-element.elementor-element-35c4e2b9 > .e-con-inner > .elementor-background-slideshow::before, .elementor-889 .elementor-element.elementor-element-35c4e2b9 > .elementor-motion-effects-container > .elementor-motion-effects-layer::before{--background-overlay:'';background-color:transparent;background-image:linear-gradient(90deg, var( --e-global-color-3737bc3 ) 30%, #00000003 100%);}.elementor-889 .elementor-element.elementor-element-5d90f9f7{--display:flex;--flex-direction:column;--container-widget-width:100%;--container-widget-height:initial;--container-widget-flex-grow:0;--container-widget-align-self:initial;--flex-wrap-mobile:wrap;--gap:0px 0px;--row-gap:0px;--column-gap:0px;--margin-top:0px;--margin-bottom:0px;--margin-left:0px;--margin-right:0px;--padding-top:0px;--padding-bottom:0px;--padding-left:0px;--padding-right:0px;}.elementor-889 .elementor-element.elementor-element-4408bd1f{text-align:start;}.elementor-889 .elementor-element.elementor-element-4408bd1f .elementor-heading-title{font-family:\"Bebas Neue\", Sans-serif;font-size:65px;font-weight:700;text-transform:capitalize;line-height:71px;color:var( --e-global-color-6f8b727 );}.elementor-889 .elementor-element.elementor-element-4408bd1f > .elementor-widget-container{margin:0px 0px 0px 0px;padding:0px 0px 0px 0px;}.elementor-889 .elementor-element.elementor-element-8fd8366{--display:flex;--flex-direction:column;--container-widget-width:100%;--container-widget-height:initial;--container-widget-flex-grow:0;--container-widget-align-self:initial;--flex-wrap-mobile:wrap;}.elementor-889 .elementor-element.elementor-element-5a49ff6{--spacer-size:50px;}.elementor-889 .elementor-element.elementor-element-fbe47d8{--display:flex;--flex-direction:row;--container-widget-width:initial;--container-widget-height:100%;--container-widget-flex-grow:1;--container-widget-align-self:stretch;--flex-wrap-mobile:wrap;--gap:0px 0px;--row-gap:0px;--column-gap:0px;}.elementor-889 .elementor-element.elementor-element-871ae91{--display:flex;--flex-direction:column;--container-widget-width:100%;--container-widget-height:initial;--container-widget-flex-grow:0;--container-widget-align-self:initial;--flex-wrap-mobile:wrap;}.elementor-889 .elementor-element.elementor-element-52d28db7{column-gap:0px;text-align:start;}.elementor-889 .elementor-element.elementor-element-52d28db7 > .elementor-widget-container{margin:0px 0px 0px 0px;padding:0px 0px 0px 0px;}.elementor-889 .elementor-element.elementor-element-e1b4a73{--display:flex;--flex-direction:column;--container-widget-width:100%;--container-widget-height:initial;--container-widget-flex-grow:0;--container-widget-align-self:initial;--flex-wrap-mobile:wrap;}.elementor-889 .elementor-element.elementor-element-0a5b83a{--display:flex;--flex-direction:column;--container-widget-width:100%;--container-widget-height:initial;--container-widget-flex-grow:0;--container-widget-align-self:initial;--flex-wrap-mobile:wrap;}.elementor-889 .elementor-element.elementor-element-bc1fbbc{--spacer-size:50px;}:root{--page-title-display:none;}@media(min-width:768px){.elementor-889 .elementor-element.elementor-element-871ae91{--width:50%;}.elementor-889 .elementor-element.elementor-element-e1b4a73{--width:50%;}}@media(max-width:1024px){.elementor-889 .elementor-element.elementor-element-35c4e2b9{--margin-top:0px;--margin-bottom:0px;--margin-left:0px;--margin-right:0px;--padding-top:100px;--padding-bottom:100px;--padding-left:20px;--padding-right:20px;}.elementor-889 .elementor-element.elementor-element-4408bd1f .elementor-heading-title{font-size:50px;line-height:56px;}.elementor-889 .elementor-element.elementor-element-52d28db7 > .elementor-widget-container{margin:0px 0px 0px 0px;padding:10px 150px 0px 150px;}}@media(max-width:767px){.elementor-889 .elementor-element.elementor-element-35c4e2b9{--padding-top:100px;--padding-bottom:100px;--padding-left:20px;--padding-right:20px;}.elementor-889 .elementor-element.elementor-element-4408bd1f{text-align:center;}.elementor-889 .elementor-element.elementor-element-4408bd1f .elementor-heading-title{font-size:38px;line-height:44px;}.elementor-889 .elementor-element.elementor-element-52d28db7 > .elementor-widget-container{margin:0px 0px -15px 0px;padding:10px 0px 0px 0px;}}<\/style>\t\t<div data-elementor-type=\"wp-page\" data-elementor-id=\"889\" class=\"elementor elementor-889\">\n\t\t\t\t<div class=\"elementor-element elementor-element-35c4e2b9 e-con-full e-flex e-con e-parent\" data-id=\"35c4e2b9\" data-element_type=\"container\" data-e-type=\"container\" data-settings=\"{&quot;background_background&quot;:&quot;classic&quot;}\">\n\t\t<div class=\"elementor-element elementor-element-5d90f9f7 e-flex e-con-boxed e-con e-child\" data-id=\"5d90f9f7\" data-element_type=\"container\" data-e-type=\"container\">\n\t\t\t\t\t<div class=\"e-con-inner\">\n\t\t\t\t<div class=\"elementor-element elementor-element-4408bd1f elementor-widget elementor-widget-heading\" data-id=\"4408bd1f\" data-element_type=\"widget\" data-e-type=\"widget\" data-widget_type=\"heading.default\">\n\t\t\t\t<div class=\"elementor-widget-container\">\n\t\t\t\t\t<h2 class=\"elementor-heading-title elementor-size-default\">\u0130HRACAT G\u00dcMR\u00dcKLEME H\u0130ZMET\u0130<\/h2>\t\t\t\t<\/div>\n\t\t\t\t<\/div>\n\t\t\t\t\t<\/div>\n\t\t\t\t<\/div>\n\t\t\t\t<\/div>\n\t\t<div class=\"elementor-element elementor-element-8fd8366 e-flex e-con-boxed e-con e-parent\" data-id=\"8fd8366\" data-element_type=\"container\" data-e-type=\"container\">\n\t\t\t\t\t<div class=\"e-con-inner\">\n\t\t\t\t<div class=\"elementor-element elementor-element-5a49ff6 elementor-widget elementor-widget-spacer\" data-id=\"5a49ff6\" data-element_type=\"widget\" data-e-type=\"widget\" data-widget_type=\"spacer.default\">\n\t\t\t\t<div class=\"elementor-widget-container\">\n\t\t\t\t\t\t\t<div class=\"elementor-spacer\">\n\t\t\t<div class=\"elementor-spacer-inner\"><\/div>\n\t\t<\/div>\n\t\t\t\t\t\t<\/div>\n\t\t\t\t<\/div>\n\t\t\t\t\t<\/div>\n\t\t\t\t<\/div>\n\t\t<div class=\"elementor-element elementor-element-fbe47d8 e-flex e-con-boxed e-con e-parent\" data-id=\"fbe47d8\" data-element_type=\"container\" data-e-type=\"container\">\n\t\t\t\t\t<div class=\"e-con-inner\">\n\t\t<div class=\"elementor-element elementor-element-871ae91 e-con-full e-flex e-con e-child\" data-id=\"871ae91\" data-element_type=\"container\" data-e-type=\"container\">\n\t\t\t\t<div class=\"elementor-element elementor-element-52d28db7 elementor-widget elementor-widget-text-editor\" data-id=\"52d28db7\" data-element_type=\"widget\" data-e-type=\"widget\" data-widget_type=\"text-editor.default\">\n\t\t\t\t<div class=\"elementor-widget-container\">\n\t\t\t\t\t\t\t\t\t<p>\u0130hracat g\u00fcmr\u00fckleme hizmeti, bir \u00fclkenin s\u0131n\u0131rlar\u0131 d\u0131\u015f\u0131na g\u00f6nderilecek mallar\u0131n yasal s\u00fcre\u00e7lerinin tamamlanmas\u0131n\u0131 sa\u011flayan bir hizmettir. Bu hizmet, ihracat\u00e7\u0131n\u0131n mallar\u0131n\u0131 sorunsuz bir \u015fekilde yurtd\u0131\u015f\u0131na sevk edebilmesi i\u00e7in gerekli olan t\u00fcm i\u015flemleri kapsar. Platform G\u00fcmr\u00fckde ihracat g\u00fcmr\u00fckleme s\u00fcrecinde genellikle \u015fu a\u015famalar yer al\u0131r:<\/p><p><strong>1.\u2060 \u2060G\u00fcmr\u00fck Beyannamesi Haz\u0131rlama :<\/strong> \u0130hra\u00e7 edilen mallar\u0131n miktar\u0131, t\u00fcr\u00fc ve de\u011feri gibi bilgilerin yer ald\u0131\u011f\u0131 beyanname haz\u0131rlan\u0131r ve ilgili g\u00fcmr\u00fck sistemine kaydedilir.<\/p><p><strong>2.\u2060 \u2060Mal Muayenesi ve Kontroller :<\/strong> G\u00fcmr\u00fck yetkilileri, g\u00f6nderilecek mallar\u0131n belirtilen bilgilere uygun olup olmad\u0131\u011f\u0131n\u0131 kontrol eder.<\/p><p><strong>3.\u2060 \u2060G\u00fcmr\u00fck Tarife Kodu (GT\u0130P) Belirleme :<\/strong> \u0130hra\u00e7 edilen \u00fcr\u00fcnler i\u00e7in do\u011fru tarife kodlar\u0131n\u0131n belirlenmesi.<\/p><p><strong>4.\u2060 \u2060Lojistik ve Nakliye D\u00fczenlemeleri :<\/strong> Mallar\u0131n yurt d\u0131\u015f\u0131na sevk edilmesi i\u00e7in ta\u015f\u0131ma y\u00f6nteminin belirlenmesi ve nakliye i\u015flemlerinin organize edilmesi.<\/p><p><strong>5.\u2060 \u2060\u0130hracat Belgelerinin Haz\u0131rlanmas\u0131 :<\/strong> Fatura, men\u015fe \u015fahadetnamesi, ta\u015f\u0131ma belgeleri ve di\u011fer gerekli evraklar\u0131n haz\u0131rlanmas\u0131 ve yetkililere sunulmas\u0131.<\/p><p><strong>6.\u2060 \u2060Vergi \u0130adeleri ve Te\u015fvikler :<\/strong> \u0130hracat s\u0131ras\u0131nda uygulanabilecek KDV iadesi ve di\u011fer vergi avantajlar\u0131n\u0131n talep edilmesi.<\/p><p><strong>7.\u2060 \u2060Sigorta \u0130\u015flemleri :<\/strong> Mallar\u0131n sevkiyat s\u0131ras\u0131nda olas\u0131 risklere kar\u015f\u0131 sigortalanmas\u0131.<\/p><p>Platform G\u00fcmr\u00fck ihracat\u00e7\u0131n\u0131n mallar\u0131n\u0131 hedef \u00fclkeye h\u0131zl\u0131, g\u00fcvenli ve yasalara uygun bir \u015fekilde ula\u015ft\u0131rmas\u0131n\u0131 sa\u011flar ve g\u00fcmr\u00fck prosed\u00fcrlerinin do\u011fru \u015fekilde y\u00fcr\u00fct\u00fclmesini garantiler.<\/p>\t\t\t\t\t\t\t\t<\/div>\n\t\t\t\t<\/div>\n\t\t\t\t<\/div>\n\t\t<div class=\"elementor-element elementor-element-e1b4a73 e-con-full e-flex e-con e-child\" data-id=\"e1b4a73\" data-element_type=\"container\" data-e-type=\"container\">\n\t\t\t\t<div class=\"elementor-element elementor-element-9127bab elementor-widget elementor-widget-image\" data-id=\"9127bab\" data-element_type=\"widget\" data-e-type=\"widget\" data-widget_type=\"image.default\">\n\t\t\t\t<div class=\"elementor-widget-container\">\n\t\t\t\t\t\t\t\t\t\t\t\t\t\t\t<img fetchpriority=\"high\" decoding=\"async\" width=\"780\" height=\"1024\" src=\"https:\/\/platformgumrukleme.com.tr\/wp-content\/uploads\/2024\/09\/wsws-780x1024.png\" class=\"attachment-large size-large wp-image-892\" alt=\"\" srcset=\"https:\/\/platformgumrukleme.com.tr\/wp-content\/uploads\/2024\/09\/wsws-780x1024.png 780w, https:\/\/platformgumrukleme.com.tr\/wp-content\/uploads\/2024\/09\/wsws-229x300.png 229w, https:\/\/platformgumrukleme.com.tr\/wp-content\/uploads\/2024\/09\/wsws-768x1008.png 768w, https:\/\/platformgumrukleme.com.tr\/wp-content\/uploads\/2024\/09\/wsws.png 1080w\" sizes=\"(max-width: 780px) 100vw, 780px\" \/>\t\t\t\t\t\t\t\t\t\t\t\t\t\t\t<\/div>\n\t\t\t\t<\/div>\n\t\t\t\t<\/div>\n\t\t\t\t\t<\/div>\n\t\t\t\t<\/div>\n\t\t<div class=\"elementor-element elementor-element-0a5b83a e-flex e-con-boxed e-con e-parent\" data-id=\"0a5b83a\" data-element_type=\"container\" data-e-type=\"container\">\n\t\t\t\t\t<div class=\"e-con-inner\">\n\t\t\t\t<div class=\"elementor-element elementor-element-bc1fbbc elementor-widget elementor-widget-spacer\" data-id=\"bc1fbbc\" data-element_type=\"widget\" data-e-type=\"widget\" data-widget_type=\"spacer.default\">\n\t\t\t\t<div class=\"elementor-widget-container\">\n\t\t\t\t\t\t\t<div class=\"elementor-spacer\">\n\t\t\t<div class=\"elementor-spacer-inner\"><\/div>\n\t\t<\/div>\n\t\t\t\t\t\t<\/div>\n\t\t\t\t<\/div>\n\t\t\t\t\t<\/div>\n\t\t\t\t<\/div>\n\t\t\t\t<\/div>\n\t\t","protected":false},"excerpt":{"rendered":"<p>\u0130HRACAT G\u00dcMR\u00dcKLEME H\u0130ZMET\u0130 \u0130hracat g\u00fcmr\u00fckleme hizmeti, bir \u00fclkenin s\u0131n\u0131rlar\u0131 d\u0131\u015f\u0131na g\u00f6nderilecek mallar\u0131n yasal s\u00fcre\u00e7lerinin tamamlanmas\u0131n\u0131 sa\u011flayan bir hizmettir. Bu hizmet, ihracat\u00e7\u0131n\u0131n mallar\u0131n\u0131 sorunsuz bir \u015fekilde yurtd\u0131\u015f\u0131na sevk edebilmesi i\u00e7in gerekli olan t\u00fcm i\u015flemleri kapsar. Platform G\u00fcmr\u00fckde ihracat g\u00fcmr\u00fckleme s\u00fcrecinde genellikle \u015fu a\u015famalar yer al\u0131r: 1.\u2060 \u2060G\u00fcmr\u00fck Beyannamesi Haz\u0131rlama : \u0130hra\u00e7 edilen mallar\u0131n miktar\u0131, t\u00fcr\u00fc ve [&hellip;]<\/p>\n","protected":false},"author":1,"featured_media":0,"parent":0,"menu_order":0,"comment_status":"closed","ping_status":"closed","template":"elementor_header_footer","meta":{"footnotes":""},"class_list":["post-889","page","type-page","status-publish","hentry"],"_links":{"self":[{"href":"https:\/\/platformgumrukleme.com.tr\/index.php\/wp-json\/wp\/v2\/pages\/889","targetHints":{"allow":["GET"]}}],"collection":[{"href":"https:\/\/platformgumrukleme.com.tr\/index.php\/wp-json\/wp\/v2\/pages"}],"about":[{"href":"https:\/\/platformgumrukleme.com.tr\/index.php\/wp-json\/wp\/v2\/types\/page"}],"author":[{"embeddable":true,"href":"https:\/\/platformgumrukleme.com.tr\/index.php\/wp-json\/wp\/v2\/users\/1"}],"replies":[{"embeddable":true,"href":"https:\/\/platformgumrukleme.com.tr\/index.php\/wp-json\/wp\/v2\/comments?post=889"}],"version-history":[{"count":10,"href":"https:\/\/platformgumrukleme.com.tr\/index.php\/wp-json\/wp\/v2\/pages\/889\/revisions"}],"predecessor-version":[{"id":1219,"href":"https:\/\/platformgumrukleme.com.tr\/index.php\/wp-json\/wp\/v2\/pages\/889\/revisions\/1219"}],"wp:attachment":[{"href":"https:\/\/platformgumrukleme.com.tr\/index.php\/wp-json\/wp\/v2\/media?parent=889"}],"curies":[{"name":"wp","href":"https:\/\/api.w.org\/{rel}","templated":true}]}}