{"id":493,"date":"2024-09-05T20:36:26","date_gmt":"2024-09-05T17:36:26","guid":{"rendered":"https:\/\/platformgumrukleme.com.tr\/?page_id=493"},"modified":"2024-09-14T22:39:01","modified_gmt":"2024-09-14T19:39:01","slug":"ithalat-gumrukleme-hizmeti","status":"publish","type":"page","link":"https:\/\/platformgumrukleme.com.tr\/index.php\/ithalat-gumrukleme-hizmeti\/","title":{"rendered":"\u0130thalat G\u00fcmr\u00fckleme Hizmeti"},"content":{"rendered":"<style>.elementor-493 .elementor-element.elementor-element-35c4e2b9{--display:flex;--flex-direction:row;--container-widget-width:initial;--container-widget-height:100%;--container-widget-flex-grow:1;--container-widget-align-self:stretch;--flex-wrap-mobile:wrap;--gap:0px 0px;--row-gap:0px;--column-gap:0px;--overlay-opacity:0.8;--margin-top:0px;--margin-bottom:0px;--margin-left:0px;--margin-right:0px;--padding-top:120px;--padding-bottom:120px;--padding-left:0px;--padding-right:0px;}.elementor-493 .elementor-element.elementor-element-35c4e2b9:not(.elementor-motion-effects-element-type-background), .elementor-493 .elementor-element.elementor-element-35c4e2b9 > .elementor-motion-effects-container > .elementor-motion-effects-layer{background-image:url(\"https:\/\/platformgumrukleme.com.tr\/wp-content\/uploads\/2024\/09\/Rectangle-4834-1.jpg\");background-position:center center;background-repeat:no-repeat;background-size:cover;}.elementor-493 .elementor-element.elementor-element-35c4e2b9::before, .elementor-493 .elementor-element.elementor-element-35c4e2b9 > .elementor-background-video-container::before, .elementor-493 .elementor-element.elementor-element-35c4e2b9 > .e-con-inner > .elementor-background-video-container::before, .elementor-493 .elementor-element.elementor-element-35c4e2b9 > .elementor-background-slideshow::before, .elementor-493 .elementor-element.elementor-element-35c4e2b9 > .e-con-inner > .elementor-background-slideshow::before, .elementor-493 .elementor-element.elementor-element-35c4e2b9 > .elementor-motion-effects-container > .elementor-motion-effects-layer::before{--background-overlay:'';background-color:transparent;background-image:linear-gradient(90deg, var( --e-global-color-3737bc3 ) 30%, #00000003 100%);}.elementor-493 .elementor-element.elementor-element-5d90f9f7{--display:flex;--flex-direction:column;--container-widget-width:100%;--container-widget-height:initial;--container-widget-flex-grow:0;--container-widget-align-self:initial;--flex-wrap-mobile:wrap;--gap:0px 0px;--row-gap:0px;--column-gap:0px;--margin-top:0px;--margin-bottom:0px;--margin-left:0px;--margin-right:0px;--padding-top:0px;--padding-bottom:0px;--padding-left:0px;--padding-right:0px;}.elementor-493 .elementor-element.elementor-element-4408bd1f{text-align:start;}.elementor-493 .elementor-element.elementor-element-4408bd1f .elementor-heading-title{font-family:\"Bebas Neue\", Sans-serif;font-size:65px;font-weight:700;text-transform:capitalize;line-height:71px;color:var( --e-global-color-6f8b727 );}.elementor-493 .elementor-element.elementor-element-4408bd1f > .elementor-widget-container{margin:0px 0px 0px 0px;padding:0px 0px 0px 0px;}.elementor-493 .elementor-element.elementor-element-e68c9af{--display:flex;--flex-direction:column;--container-widget-width:100%;--container-widget-height:initial;--container-widget-flex-grow:0;--container-widget-align-self:initial;--flex-wrap-mobile:wrap;}.elementor-493 .elementor-element.elementor-element-e310fd9{--spacer-size:50px;}.elementor-493 .elementor-element.elementor-element-fbe47d8{--display:flex;--flex-direction:row;--container-widget-width:initial;--container-widget-height:100%;--container-widget-flex-grow:1;--container-widget-align-self:stretch;--flex-wrap-mobile:wrap;--gap:0px 0px;--row-gap:0px;--column-gap:0px;}.elementor-493 .elementor-element.elementor-element-871ae91{--display:flex;--flex-direction:column;--container-widget-width:100%;--container-widget-height:initial;--container-widget-flex-grow:0;--container-widget-align-self:initial;--flex-wrap-mobile:wrap;}.elementor-493 .elementor-element.elementor-element-52d28db7{column-gap:0px;text-align:start;}.elementor-493 .elementor-element.elementor-element-52d28db7 > .elementor-widget-container{margin:0px 0px 0px 0px;padding:0px 0px 0px 0px;}.elementor-493 .elementor-element.elementor-element-e1b4a73{--display:flex;--flex-direction:column;--container-widget-width:100%;--container-widget-height:initial;--container-widget-flex-grow:0;--container-widget-align-self:initial;--flex-wrap-mobile:wrap;}.elementor-493 .elementor-element.elementor-element-48684a9{--display:flex;--flex-direction:column;--container-widget-width:100%;--container-widget-height:initial;--container-widget-flex-grow:0;--container-widget-align-self:initial;--flex-wrap-mobile:wrap;}.elementor-493 .elementor-element.elementor-element-fe089c7{--spacer-size:50px;}:root{--page-title-display:none;}@media(min-width:768px){.elementor-493 .elementor-element.elementor-element-871ae91{--width:50%;}.elementor-493 .elementor-element.elementor-element-e1b4a73{--width:50%;}}@media(max-width:1024px){.elementor-493 .elementor-element.elementor-element-35c4e2b9{--margin-top:0px;--margin-bottom:0px;--margin-left:0px;--margin-right:0px;--padding-top:100px;--padding-bottom:100px;--padding-left:20px;--padding-right:20px;}.elementor-493 .elementor-element.elementor-element-4408bd1f .elementor-heading-title{font-size:50px;line-height:56px;}.elementor-493 .elementor-element.elementor-element-52d28db7 > .elementor-widget-container{margin:0px 0px 0px 0px;padding:10px 150px 0px 150px;}}@media(max-width:767px){.elementor-493 .elementor-element.elementor-element-35c4e2b9{--padding-top:100px;--padding-bottom:100px;--padding-left:20px;--padding-right:20px;}.elementor-493 .elementor-element.elementor-element-4408bd1f{text-align:center;}.elementor-493 .elementor-element.elementor-element-4408bd1f .elementor-heading-title{font-size:38px;line-height:44px;}.elementor-493 .elementor-element.elementor-element-52d28db7 > .elementor-widget-container{margin:0px 0px -15px 0px;padding:10px 0px 0px 0px;}}<\/style>\t\t<div data-elementor-type=\"wp-page\" data-elementor-id=\"493\" class=\"elementor elementor-493\">\n\t\t\t\t<div class=\"elementor-element elementor-element-35c4e2b9 e-con-full e-flex e-con e-parent\" data-id=\"35c4e2b9\" data-element_type=\"container\" data-e-type=\"container\" data-settings=\"{&quot;background_background&quot;:&quot;classic&quot;}\">\n\t\t<div class=\"elementor-element elementor-element-5d90f9f7 e-flex e-con-boxed e-con e-child\" data-id=\"5d90f9f7\" data-element_type=\"container\" data-e-type=\"container\">\n\t\t\t\t\t<div class=\"e-con-inner\">\n\t\t\t\t<div class=\"elementor-element elementor-element-4408bd1f elementor-widget elementor-widget-heading\" data-id=\"4408bd1f\" data-element_type=\"widget\" data-e-type=\"widget\" data-widget_type=\"heading.default\">\n\t\t\t\t<div class=\"elementor-widget-container\">\n\t\t\t\t\t<h2 class=\"elementor-heading-title elementor-size-default\">\u0130THALAT G\u00dcMR\u00dcKLEME H\u0130ZMET\u0130<\/h2>\t\t\t\t<\/div>\n\t\t\t\t<\/div>\n\t\t\t\t\t<\/div>\n\t\t\t\t<\/div>\n\t\t\t\t<\/div>\n\t\t<div class=\"elementor-element elementor-element-e68c9af e-flex e-con-boxed e-con e-parent\" data-id=\"e68c9af\" data-element_type=\"container\" data-e-type=\"container\">\n\t\t\t\t\t<div class=\"e-con-inner\">\n\t\t\t\t<div class=\"elementor-element elementor-element-e310fd9 elementor-widget elementor-widget-spacer\" data-id=\"e310fd9\" data-element_type=\"widget\" data-e-type=\"widget\" data-widget_type=\"spacer.default\">\n\t\t\t\t<div class=\"elementor-widget-container\">\n\t\t\t\t\t\t\t<div class=\"elementor-spacer\">\n\t\t\t<div class=\"elementor-spacer-inner\"><\/div>\n\t\t<\/div>\n\t\t\t\t\t\t<\/div>\n\t\t\t\t<\/div>\n\t\t\t\t\t<\/div>\n\t\t\t\t<\/div>\n\t\t<div class=\"elementor-element elementor-element-fbe47d8 e-flex e-con-boxed e-con e-parent\" data-id=\"fbe47d8\" data-element_type=\"container\" data-e-type=\"container\">\n\t\t\t\t\t<div class=\"e-con-inner\">\n\t\t<div class=\"elementor-element elementor-element-871ae91 e-con-full e-flex e-con e-child\" data-id=\"871ae91\" data-element_type=\"container\" data-e-type=\"container\">\n\t\t\t\t<div class=\"elementor-element elementor-element-52d28db7 elementor-widget elementor-widget-text-editor\" data-id=\"52d28db7\" data-element_type=\"widget\" data-e-type=\"widget\" data-widget_type=\"text-editor.default\">\n\t\t\t\t<div class=\"elementor-widget-container\">\n\t\t\t\t\t\t\t\t\t<p>\u0130thalat g\u00fcmr\u00fckleme hizmeti, yurt d\u0131\u015f\u0131ndan getirilen mallar\u0131n g\u00fcmr\u00fck s\u00fcre\u00e7lerinin y\u00fcr\u00fct\u00fclmesi ve mallar\u0131n sorunsuz bir \u015fekilde \u00fclkeye giri\u015finin sa\u011flanmas\u0131 i\u00e7in verilen profesyonel bir hizmettir. Platform G\u00fcmr\u00fckte bu hizmetler genellikle \u015fu a\u015famalar\u0131 kapsar:<\/p>\n<p><strong>1.\u2060 \u2060G\u00fcmr\u00fck Beyannamesi Haz\u0131rlama<\/strong> : Mallar\u0131n cinsi, miktar\u0131 ve de\u011feri gibi bilgilerin yer ald\u0131\u011f\u0131 beyannameyi haz\u0131rlama.<\/p>\n<p><strong>2.\u2060 \u2060G\u00fcmr\u00fck Vergi ve Har\u00e7lar\u0131n\u0131n \u00d6denmesi :<\/strong> \u0130thalat s\u0131ras\u0131nda \u00f6denmesi gereken vergi, har\u00e7 ve KDV gibi mali y\u00fck\u00fcml\u00fcl\u00fcklerin hesaplanmas\u0131 ve \u00f6denmesi.<\/p>\n<p><strong>3.\u2060 \u2060G\u00fcmr\u00fck Kontrol ve Muayenesi :<\/strong> G\u00fcmr\u00fck yetkilileri taraf\u0131ndan yap\u0131lan fiziksel kontrollerin ve muayenelerin y\u00f6netilmesi.<\/p>\n<p><strong>4.\u2060 \u2060G\u00fcmr\u00fck Tarife Kodu Belirleme (GT\u0130P) :<\/strong> \u0130thal edilen mallar\u0131n do\u011fru tarife kodlar\u0131yla s\u0131n\u0131fland\u0131r\u0131lmas\u0131.<\/p>\n<p><strong>5.\u2060Dok\u00fcmantasyon Y\u00f6netimi:<\/strong> Fatura, kon\u015fimento, men\u015fe \u015fahadetnamesi gibi gerekli belgelerin toplanmas\u0131 ve sunulmas\u0131.<\/p>\n<p><strong>6.\u2060 \u2060Sigorta ve Nakliye Hizmetleri :<\/strong> \u0130thal edilen mallar\u0131n sigortalanmas\u0131 ve g\u00fcmr\u00fckleme sonras\u0131 ta\u015f\u0131nmas\u0131n\u0131n organize edilmesi.<\/p>\n<p>Platform G\u00fcmr\u00fckleme ithalat\u00e7\u0131n\u0131n hem zaman kazanmas\u0131n\u0131 sa\u011flar hem de mevzuata uygun olarak i\u015flemlerin yap\u0131lmas\u0131n\u0131 g\u00fcvence alt\u0131na al\u0131r.<\/p>\t\t\t\t\t\t\t\t<\/div>\n\t\t\t\t<\/div>\n\t\t\t\t<\/div>\n\t\t<div class=\"elementor-element elementor-element-e1b4a73 e-con-full e-flex e-con e-child\" data-id=\"e1b4a73\" data-element_type=\"container\" data-e-type=\"container\">\n\t\t\t\t<div class=\"elementor-element elementor-element-9127bab elementor-widget elementor-widget-image\" data-id=\"9127bab\" data-element_type=\"widget\" data-e-type=\"widget\" data-widget_type=\"image.default\">\n\t\t\t\t<div class=\"elementor-widget-container\">\n\t\t\t\t\t\t\t\t\t\t\t\t\t\t\t<img fetchpriority=\"high\" decoding=\"async\" width=\"1080\" height=\"1080\" src=\"https:\/\/platformgumrukleme.com.tr\/wp-content\/uploads\/2024\/09\/21.jpg\" class=\"attachment-full size-full wp-image-881\" alt=\"\" srcset=\"https:\/\/platformgumrukleme.com.tr\/wp-content\/uploads\/2024\/09\/21.jpg 1080w, https:\/\/platformgumrukleme.com.tr\/wp-content\/uploads\/2024\/09\/21-300x300.jpg 300w, https:\/\/platformgumrukleme.com.tr\/wp-content\/uploads\/2024\/09\/21-1024x1024.jpg 1024w, https:\/\/platformgumrukleme.com.tr\/wp-content\/uploads\/2024\/09\/21-150x150.jpg 150w, https:\/\/platformgumrukleme.com.tr\/wp-content\/uploads\/2024\/09\/21-768x768.jpg 768w\" sizes=\"(max-width: 1080px) 100vw, 1080px\" \/>\t\t\t\t\t\t\t\t\t\t\t\t\t\t\t<\/div>\n\t\t\t\t<\/div>\n\t\t\t\t<\/div>\n\t\t\t\t\t<\/div>\n\t\t\t\t<\/div>\n\t\t<div class=\"elementor-element elementor-element-48684a9 e-flex e-con-boxed e-con e-parent\" data-id=\"48684a9\" data-element_type=\"container\" data-e-type=\"container\">\n\t\t\t\t\t<div class=\"e-con-inner\">\n\t\t\t\t<div class=\"elementor-element elementor-element-fe089c7 elementor-widget elementor-widget-spacer\" data-id=\"fe089c7\" data-element_type=\"widget\" data-e-type=\"widget\" data-widget_type=\"spacer.default\">\n\t\t\t\t<div class=\"elementor-widget-container\">\n\t\t\t\t\t\t\t<div class=\"elementor-spacer\">\n\t\t\t<div class=\"elementor-spacer-inner\"><\/div>\n\t\t<\/div>\n\t\t\t\t\t\t<\/div>\n\t\t\t\t<\/div>\n\t\t\t\t\t<\/div>\n\t\t\t\t<\/div>\n\t\t\t\t<\/div>\n\t\t","protected":false},"excerpt":{"rendered":"<p>\u0130THALAT G\u00dcMR\u00dcKLEME H\u0130ZMET\u0130 \u0130thalat g\u00fcmr\u00fckleme hizmeti, yurt d\u0131\u015f\u0131ndan getirilen mallar\u0131n g\u00fcmr\u00fck s\u00fcre\u00e7lerinin y\u00fcr\u00fct\u00fclmesi ve mallar\u0131n sorunsuz bir \u015fekilde \u00fclkeye giri\u015finin sa\u011flanmas\u0131 i\u00e7in verilen profesyonel bir hizmettir. Platform G\u00fcmr\u00fckte bu hizmetler genellikle \u015fu a\u015famalar\u0131 kapsar: 1.\u2060 \u2060G\u00fcmr\u00fck Beyannamesi Haz\u0131rlama : Mallar\u0131n cinsi, miktar\u0131 ve de\u011feri gibi bilgilerin yer ald\u0131\u011f\u0131 beyannameyi haz\u0131rlama. 2.\u2060 \u2060G\u00fcmr\u00fck Vergi ve Har\u00e7lar\u0131n\u0131n [&hellip;]<\/p>\n","protected":false},"author":1,"featured_media":0,"parent":0,"menu_order":0,"comment_status":"closed","ping_status":"closed","template":"elementor_header_footer","meta":{"footnotes":""},"class_list":["post-493","page","type-page","status-publish","hentry"],"_links":{"self":[{"href":"https:\/\/platformgumrukleme.com.tr\/index.php\/wp-json\/wp\/v2\/pages\/493","targetHints":{"allow":["GET"]}}],"collection":[{"href":"https:\/\/platformgumrukleme.com.tr\/index.php\/wp-json\/wp\/v2\/pages"}],"about":[{"href":"https:\/\/platformgumrukleme.com.tr\/index.php\/wp-json\/wp\/v2\/types\/page"}],"author":[{"embeddable":true,"href":"https:\/\/platformgumrukleme.com.tr\/index.php\/wp-json\/wp\/v2\/users\/1"}],"replies":[{"embeddable":true,"href":"https:\/\/platformgumrukleme.com.tr\/index.php\/wp-json\/wp\/v2\/comments?post=493"}],"version-history":[{"count":20,"href":"https:\/\/platformgumrukleme.com.tr\/index.php\/wp-json\/wp\/v2\/pages\/493\/revisions"}],"predecessor-version":[{"id":957,"href":"https:\/\/platformgumrukleme.com.tr\/index.php\/wp-json\/wp\/v2\/pages\/493\/revisions\/957"}],"wp:attachment":[{"href":"https:\/\/platformgumrukleme.com.tr\/index.php\/wp-json\/wp\/v2\/media?parent=493"}],"curies":[{"name":"wp","href":"https:\/\/api.w.org\/{rel}","templated":true}]}}