{"id":1258,"date":"2024-10-04T11:42:28","date_gmt":"2024-10-04T08:42:28","guid":{"rendered":"https:\/\/platformgumrukleme.com.tr\/?page_id=1258"},"modified":"2024-10-04T11:46:57","modified_gmt":"2024-10-04T08:46:57","slug":"odeme-sekilleri","status":"publish","type":"page","link":"https:\/\/platformgumrukleme.com.tr\/index.php\/odeme-sekilleri\/","title":{"rendered":"\u00d6deme \u015eekilleri"},"content":{"rendered":"<style>.elementor-1258 .elementor-element.elementor-element-35c4e2b9{--display:flex;--flex-direction:row;--container-widget-width:initial;--container-widget-height:100%;--container-widget-flex-grow:1;--container-widget-align-self:stretch;--flex-wrap-mobile:wrap;--gap:0px 0px;--row-gap:0px;--column-gap:0px;--overlay-opacity:0.8;--margin-top:0px;--margin-bottom:0px;--margin-left:0px;--margin-right:0px;--padding-top:120px;--padding-bottom:120px;--padding-left:0px;--padding-right:0px;}.elementor-1258 .elementor-element.elementor-element-35c4e2b9:not(.elementor-motion-effects-element-type-background), .elementor-1258 .elementor-element.elementor-element-35c4e2b9 > .elementor-motion-effects-container > .elementor-motion-effects-layer{background-image:url(\"https:\/\/platformgumrukleme.com.tr\/wp-content\/uploads\/2024\/09\/headers-new.png\");background-position:center center;background-repeat:no-repeat;background-size:cover;}.elementor-1258 .elementor-element.elementor-element-35c4e2b9::before, .elementor-1258 .elementor-element.elementor-element-35c4e2b9 > .elementor-background-video-container::before, .elementor-1258 .elementor-element.elementor-element-35c4e2b9 > .e-con-inner > .elementor-background-video-container::before, .elementor-1258 .elementor-element.elementor-element-35c4e2b9 > .elementor-background-slideshow::before, .elementor-1258 .elementor-element.elementor-element-35c4e2b9 > .e-con-inner > .elementor-background-slideshow::before, .elementor-1258 .elementor-element.elementor-element-35c4e2b9 > .elementor-motion-effects-container > .elementor-motion-effects-layer::before{--background-overlay:'';background-color:transparent;background-image:linear-gradient(90deg, var( --e-global-color-3737bc3 ) 30%, #00000003 100%);}.elementor-1258 .elementor-element.elementor-element-5d90f9f7{--display:flex;--flex-direction:column;--container-widget-width:100%;--container-widget-height:initial;--container-widget-flex-grow:0;--container-widget-align-self:initial;--flex-wrap-mobile:wrap;--gap:0px 0px;--row-gap:0px;--column-gap:0px;--margin-top:0px;--margin-bottom:0px;--margin-left:0px;--margin-right:0px;--padding-top:0px;--padding-bottom:0px;--padding-left:0px;--padding-right:0px;}.elementor-1258 .elementor-element.elementor-element-4408bd1f{text-align:start;}.elementor-1258 .elementor-element.elementor-element-4408bd1f .elementor-heading-title{font-family:\"Bebas Neue\", Sans-serif;font-size:65px;font-weight:700;text-transform:capitalize;line-height:71px;letter-spacing:0px;color:var( --e-global-color-6f8b727 );}.elementor-1258 .elementor-element.elementor-element-4408bd1f > .elementor-widget-container{margin:0px 0px 0px 0px;padding:0px 0px 0px 0px;}.elementor-1258 .elementor-element.elementor-element-ce318d8{--display:flex;--flex-direction:column;--container-widget-width:100%;--container-widget-height:initial;--container-widget-flex-grow:0;--container-widget-align-self:initial;--flex-wrap-mobile:wrap;}.elementor-1258 .elementor-element.elementor-element-225fda2{--spacer-size:50px;}.elementor-1258 .elementor-element.elementor-element-01a4473{--display:flex;--flex-direction:column;--container-widget-width:100%;--container-widget-height:initial;--container-widget-flex-grow:0;--container-widget-align-self:initial;--flex-wrap-mobile:wrap;}.elementor-1258 .elementor-element.elementor-element-1afce9b{text-align:justify;}.elementor-1258 .elementor-element.elementor-element-2c4afa1{--display:flex;--flex-direction:column;--container-widget-width:100%;--container-widget-height:initial;--container-widget-flex-grow:0;--container-widget-align-self:initial;--flex-wrap-mobile:wrap;}.elementor-1258 .elementor-element.elementor-element-bfadb45{text-align:justify;}.elementor-1258 .elementor-element.elementor-element-6e24496{--display:flex;--flex-direction:column;--container-widget-width:100%;--container-widget-height:initial;--container-widget-flex-grow:0;--container-widget-align-self:initial;--flex-wrap-mobile:wrap;}.elementor-1258 .elementor-element.elementor-element-1c92d02{text-align:justify;}.elementor-1258 .elementor-element.elementor-element-f2f6545{--display:flex;--flex-direction:column;--container-widget-width:100%;--container-widget-height:initial;--container-widget-flex-grow:0;--container-widget-align-self:initial;--flex-wrap-mobile:wrap;}.elementor-1258 .elementor-element.elementor-element-251e9c5{--spacer-size:50px;}:root{--page-title-display:none;}@media(max-width:1024px){.elementor-1258 .elementor-element.elementor-element-35c4e2b9{--margin-top:0px;--margin-bottom:0px;--margin-left:0px;--margin-right:0px;--padding-top:100px;--padding-bottom:100px;--padding-left:20px;--padding-right:20px;}.elementor-1258 .elementor-element.elementor-element-4408bd1f .elementor-heading-title{font-size:50px;line-height:56px;}}@media(max-width:767px){.elementor-1258 .elementor-element.elementor-element-35c4e2b9{--padding-top:100px;--padding-bottom:100px;--padding-left:20px;--padding-right:20px;}.elementor-1258 .elementor-element.elementor-element-4408bd1f{text-align:center;}.elementor-1258 .elementor-element.elementor-element-4408bd1f .elementor-heading-title{font-size:38px;line-height:44px;}}<\/style>\t\t<div data-elementor-type=\"wp-page\" data-elementor-id=\"1258\" class=\"elementor elementor-1258\">\n\t\t\t\t<div class=\"elementor-element elementor-element-35c4e2b9 e-con-full e-flex e-con e-parent\" data-id=\"35c4e2b9\" data-element_type=\"container\" data-e-type=\"container\" data-settings=\"{&quot;background_background&quot;:&quot;classic&quot;}\">\n\t\t<div class=\"elementor-element elementor-element-5d90f9f7 e-flex e-con-boxed e-con e-child\" data-id=\"5d90f9f7\" data-element_type=\"container\" data-e-type=\"container\">\n\t\t\t\t\t<div class=\"e-con-inner\">\n\t\t\t\t<div class=\"elementor-element elementor-element-4408bd1f elementor-widget elementor-widget-heading\" data-id=\"4408bd1f\" data-element_type=\"widget\" data-e-type=\"widget\" data-widget_type=\"heading.default\">\n\t\t\t\t<div class=\"elementor-widget-container\">\n\t\t\t\t\t<h2 class=\"elementor-heading-title elementor-size-default\">\u00d6deme \u015eekilleri<\/h2>\t\t\t\t<\/div>\n\t\t\t\t<\/div>\n\t\t\t\t\t<\/div>\n\t\t\t\t<\/div>\n\t\t\t\t<\/div>\n\t\t<div class=\"elementor-element elementor-element-ce318d8 e-flex e-con-boxed e-con e-parent\" data-id=\"ce318d8\" data-element_type=\"container\" data-e-type=\"container\">\n\t\t\t\t\t<div class=\"e-con-inner\">\n\t\t\t\t<div class=\"elementor-element elementor-element-225fda2 elementor-widget elementor-widget-spacer\" data-id=\"225fda2\" data-element_type=\"widget\" data-e-type=\"widget\" data-widget_type=\"spacer.default\">\n\t\t\t\t<div class=\"elementor-widget-container\">\n\t\t\t\t\t\t\t<div class=\"elementor-spacer\">\n\t\t\t<div class=\"elementor-spacer-inner\"><\/div>\n\t\t<\/div>\n\t\t\t\t\t\t<\/div>\n\t\t\t\t<\/div>\n\t\t\t\t\t<\/div>\n\t\t\t\t<\/div>\n\t\t<div class=\"elementor-element elementor-element-01a4473 e-flex e-con-boxed e-con e-parent\" data-id=\"01a4473\" data-element_type=\"container\" data-e-type=\"container\">\n\t\t\t\t\t<div class=\"e-con-inner\">\n\t\t\t\t<div class=\"elementor-element elementor-element-1afce9b elementor-widget elementor-widget-text-editor\" data-id=\"1afce9b\" data-element_type=\"widget\" data-e-type=\"widget\" data-widget_type=\"text-editor.default\">\n\t\t\t\t<div class=\"elementor-widget-container\">\n\t\t\t\t\t\t\t\t\t<h4><strong><span class=\"s2\">D\u0131\u015f <\/span><span class=\"s2\">Ticarette \u00d6deme \u015eekilleri<\/span><\/strong><\/h4><p><span class=\"s3\">\u0130thalat\u00e7\u0131 ve ihracat\u00e7\u0131 aras\u0131ndaki g\u00fcven ili\u015fkisinin derecesine, taraflar\u0131n \u00fcstlendikleri risklere ba\u011fl\u0131 olarak uluslararas\u0131 ticarette kullan\u0131lan farkl\u0131 \u00f6deme \u00e7e\u015fitleri bulunmaktad\u0131r. Yayg\u0131n olarak kullan\u0131lan \u00f6deme \u015fekilleri a\u015fa\u011f\u0131dad\u0131r:<\/span><\/p><h4><strong><span class=\"s4\">Pe\u015fin \u00d6deme (Cash <\/span><span class=\"s4\">Payment<\/span><span class=\"s4\"> \/ <\/span><span class=\"s4\">Advance<\/span> <span class=\"s4\">Payment<\/span> <span class=\"s4\">)<\/span><\/strong><\/h4><p><span class=\"s3\">Bu \u00f6deme \u015feklinde mal sevkiyat\u0131 ger\u00e7ekle\u015fmeden, ithalat\u00e7\u0131 mal bedelini ihracat\u00e7\u0131ya \u00f6der. \u0130hracat\u00e7\u0131 herhangi bir risk \u00fcstlenmemektedir; sevkiyat\u0131n gecikmesi, mallar\u0131n sipari\u015fe uygun olmamas\u0131 gibi riskler dolay\u0131s\u0131yla bu \u00f6deme \u015feklinde t\u00fcm risk ithalat\u00e7\u0131 \u00fczerindedir.<\/span><\/p><h4><strong><span class=\"s4\">Mal Mukabili \u00d6deme (Cash <\/span><span class=\"s4\">Against<\/span> <span class=\"s4\">Goods<\/span><span class=\"s4\">)<\/span><\/strong><\/h4><p><span class=\"s3\">Bu \u00f6deme \u015feklinde ithalat\u00e7\u0131 mal\u0131 teslim ald\u0131ktan sonra mal bedelini ihracat\u00e7\u0131ya \u00f6der. \u0130hracat\u00e7\u0131 mallar\u0131 al\u0131c\u0131 ad\u0131na sevk ettikten sonra, mal\u0131 temsil eden belgeleri <\/span><span class=\"s3\">ithalat\u00e7\u0131ya,<\/span><span class=\"s3\"> ya do\u011frudan ya da bedelsiz teslim ko\u015fuluyla banka arac\u0131l\u0131\u011f\u0131yla g\u00f6nderir. \u0130hracat\u00e7\u0131n\u0131n en \u00e7ok risk \u00fcstlendi\u011fi \u00f6deme \u015feklidir. <\/span><\/p><h4><strong><span class=\"s4\">Vesaik Mukabili \u00d6deme (Cash <\/span><span class=\"s4\">Against<\/span> <span class=\"s4\">Documents<\/span><span class=\"s4\"> \/ <\/span><span class=\"s4\">Documentary<\/span><span class=\"s4\">Collections<\/span><span class=\"s4\">)<\/span><\/strong><\/h4><p><span class=\"s3\">\u0130hracat\u00e7\u0131n\u0131n ithalat\u00e7\u0131 ile yapt\u0131\u011f\u0131 sat\u0131\u015f s\u00f6zle\u015fmesine uygun olarak mallar\u0131 sevk etmesinden sonra bunlar\u0131 temsil eden sevk belgelerinin mal bedelinin tahsili kar\u015f\u0131l\u0131\u011f\u0131nda teslim edilmek \u00fczere banka arac\u0131l\u0131\u011f\u0131 ile ithalat\u00e7\u0131ya teslimine <\/span><span class=\"s3\">imkan<\/span><span class=\"s3\"> veren \u00f6deme \u015feklidir. <\/span><\/p><h4><strong><span class=\"s4\">Kabul Kredili \u00d6deme (<\/span><span class=\"s4\">Acceptance<\/span> <span class=\"s4\">Credit<\/span><span class=\"s4\">)<\/span><\/strong><\/h4><p><span class=\"s3\">\u0130thalat\u00e7\u0131 ile ihracat\u00e7\u0131 aras\u0131nda yap\u0131lacak bir anla\u015fma ile ithal edilecek mallar\u0131n bedellerinin \u00f6denmesinin mallar\u0131n sevkiyat\u0131ndan belli bir s\u00fcre sonraya b\u0131rak\u0131lmas\u0131d\u0131r. Bu \u00f6deme \u015feklinde, mal bedelinin belirli bir vadede \u00f6denmesini taahh\u00fct eden ve bu \u00f6demeyi garanti eden bir poli\u00e7e\/bono bulunmaktad\u0131r. <\/span><\/p><p><span class=\"s3\"><strong>Kabul Kredili Akreditif:<\/strong> Uluslararas\u0131 kurallara ve mevzuata g\u00f6re a\u00e7\u0131lan akreditiflerde sevk belgelerinin, bu belgelerle birlikte sunulan poli\u00e7enin ithalat\u00e7\u0131n\u0131n bankas\u0131 veya muhabir bankaca kabul\u00fcn\u00fc takiben serbest b\u0131rak\u0131larak bedellerinin poli\u00e7e vadesinde \u00f6denmesine <\/span><span class=\"s3\">imkan<\/span><span class=\"s3\"> veren bir \u00f6deme \u015feklidir.<\/span><\/p><p><span class=\"s3\">Kabul Kredili Vesaik Mukabili: Bankan\u0131n sevk belgelerini bu belgelerle ekli poli\u00e7enin ithalat\u00e7\u0131 taraf\u0131ndan kabul\u00fcn\u00fc takiben ithalat\u00e7\u0131ya teslim etmesinden sonra poli\u00e7e vadesinde mal bedelinin ihracat\u00e7\u0131ya \u00f6dendi\u011fi bir \u00f6deme \u015feklidir.<\/span><\/p><p><span class=\"s3\"><strong>Kabul Kredili Mal Mukabili:<\/strong> \u0130hra\u00e7 edilen mal\u0131n bedelinin mal\u0131n ithalat\u00e7\u0131 taraf\u0131ndan teslim al\u0131nmas\u0131ndan ve poli\u00e7eyi kabul etmesinden sonra poli\u00e7e vadesinde \u00f6demenin ger\u00e7ekle\u015fti\u011fi bir \u00f6deme \u015feklidir.<\/span><\/p>\t\t\t\t\t\t\t\t<\/div>\n\t\t\t\t<\/div>\n\t\t\t\t\t<\/div>\n\t\t\t\t<\/div>\n\t\t<div class=\"elementor-element elementor-element-2c4afa1 e-flex e-con-boxed e-con e-parent\" data-id=\"2c4afa1\" data-element_type=\"container\" data-e-type=\"container\">\n\t\t\t\t\t<div class=\"e-con-inner\">\n\t\t\t\t<div class=\"elementor-element elementor-element-bfadb45 elementor-widget elementor-widget-text-editor\" data-id=\"bfadb45\" data-element_type=\"widget\" data-e-type=\"widget\" data-widget_type=\"text-editor.default\">\n\t\t\t\t<div class=\"elementor-widget-container\">\n\t\t\t\t\t\t\t\t\t<h4><strong><span class=\"s4\">Akreditifli \u00d6deme (<\/span><span class=\"s4\">Letter<\/span><span class=\"s4\"> of <\/span><span class=\"s4\">Credit<\/span><span class=\"s4\">)<\/span><\/strong><\/h4><p><span class=\"s3\">P<\/span><span class=\"s3\">AYMENT UNDER LETTER OF CREDIT- L\/C \/ DOCUMENTARY CREDIT- D\/C <\/span><span class=\"s3\">Akreditif ,<\/span><span class=\"s3\"> ithalat\u00e7\u0131n\u0131n <\/span><span class=\"s3\">verdi\u011fi <\/span><span class=\"s3\">talimat<\/span><span class=\"s3\"> do\u011frultusunda <\/span><span class=\"s3\">, bir bankan\u0131n belirli bir <\/span><span class=\"s3\">mebla\u011fa<\/span><span class=\"s3\"> kadar , belirli bir s\u00fcre i\u00e7inde , belirli belgeler kar\u015f\u0131l\u0131\u011f\u0131nda ve \u00f6ng\u00f6r\u00fclen \u015fartlar\u0131 yerine getirilmesi kayd\u0131yla, ihracat\u00e7\u0131ya \u00f6deme yapaca\u011f\u0131n\u0131 veya ihracat\u00e7\u0131 taraf\u0131ndan ke\u015fide edilen poli\u00e7eleri kabul veya i\u015ftira edece\u011fini ihracat\u00e7\u0131ya kar\u015f\u0131 yaz\u0131l\u0131 olarak taahh\u00fct etmesidir.<\/span> <span class=\"s3\">Akreditif <\/span><span class=\"s3\">( <\/span><span class=\"s3\">letter<\/span><span class=\"s3\">of <\/span><span class=\"s3\">credit<\/span><span class=\"s3\">) , ithalat\u00e7\u0131 (amir : <\/span><span class=\"s3\">instructor<\/span><span class=\"s3\">) taraf\u0131ndan yurt d\u0131\u015f\u0131ndaki sat\u0131c\u0131 lehine lehtar : <\/span><span class=\"s3\">benificiary<\/span><span class=\"s3\">)bir bankaya a\u00e7t\u0131r\u0131lan kredi hesab\u0131d\u0131r.<\/span> <span class=\"s3\">Mal\u0131n s\u00f6zle\u015fme ko\u015fullar\u0131na uygun bi\u00e7imde sevk edilmesi \u00fczerine bankan\u0131n o \u00fclkenin muhabiri taraf\u0131ndan ihracat\u00e7\u0131ya \u00f6demenin yap\u0131laca\u011f\u0131 taahh\u00fcd\u00fcn\u00fc i\u00e7erir.<\/span> <span class=\"s3\">\u0130thalat\u00e7\u0131 ve ihracat\u00e7\u0131 bir bankan\u0131n mali g\u00fcvencesi alt\u0131nda olduklar\u0131ndan akreditifli \u00f6deme \u015fekli hem ithalat\u00e7\u0131 hem ihracat\u00e7\u0131 a\u00e7\u0131s\u0131ndan avantaj sa\u011flamaktad\u0131r.<\/span><\/p><h4><strong><span class=\"s5\">Akreditif <\/span><span class=\"s5\">T\u00fcrleri :<\/span><\/strong><\/h4><p><span class=\"s5\">Gayri kabili R\u00fccu <\/span><span class=\"s5\">Akreditif :<\/span><span class=\"s3\"> Kabili R\u00fccu \u201cd\u00f6n\u00fclmez , iptal edilemez , vazge\u00e7ilemez anlam\u0131na gelir.<\/span> <span class=\"s3\">Gayri Kabili R\u00fccu Akreditif , d\u00f6rt taraf\u0131n ( Amir , lehtar, amir banka, muhabir banka) her birinin (\u00f6zellikle ihracat\u00e7\u0131n\u0131n \/ lehtar\u0131n ) ayr\u0131 ayr\u0131 onay\u0131 olmad\u0131k\u00e7a de\u011fi\u015ftirilemeyen ve iptal edilemeyen akreditif t\u00fcr\u00fcd\u00fcr.<\/span> <span class=\"s3\">\u0130hracat\u00e7\u0131 a\u00e7\u0131s\u0131ndan daha g\u00fcvenli akreditiftir.<\/span>\u00a0<\/p><p><strong><span class=\"s5\">Teyitli <\/span><span class=\"s5\">Akreditif :<\/span> <\/strong><span class=\"s3\">\u201cTeyit vermek \u201c s\u00f6zl\u00fck itibar\u0131 ile \u201conaylamak , do\u011frulamak garanti vermek \u201c anlam\u0131na gelir.<\/span> <span class=\"s3\">Akreditife teyit , \u00f6deme teyididir.<\/span> <span class=\"s3\">Teyitli <\/span><span class=\"s3\">Akreditif ,<\/span><span class=\"s3\"> ihracat\u00e7\u0131n\u0131n bankas\u0131n\u0131n, amir (ithalat\u00e7\u0131n\u0131n) bankas\u0131ndan , ihracat bedelinin gelmesini beklemeden , ihracat\u00e7\u0131dan sevk vesaikini ald\u0131\u011f\u0131nda veya en ge\u00e7 yedi i\u015f g\u00fcn\u00fc i\u00e7erisinde ihracat bedelini \u00f6demesidir.<\/span><\/p><p><strong><span class=\"s5\">Teyitsiz <\/span><span class=\"s5\">Akreditif :<\/span><\/strong><span class=\"s3\"> \u0130hracat\u00e7\u0131 sevk vesaikini kendi bankas\u0131na verdikten sonra, bu banka (ihracat\u00e7\u0131 bankas\u0131) vesaiki <\/span><span class=\"s3\">ithalat\u00e7\u0131 <\/span><span class=\"s3\">n\u0131n<\/span><span class=\"s3\"> bankas\u0131na verdikten sonra, kar\u015f\u0131l\u0131\u011f\u0131nda ithalat\u0131n bedelini ithalat\u00e7\u0131n\u0131n bankas\u0131ndan tahsil edip ihracat\u00e7\u0131n\u0131n hesab\u0131na i\u015flenmesine imkan veren akreditif t\u00fcr\u00fcd\u00fcr.<\/span>\u00a0<\/p><p><strong><span class=\"s5\">Vesaik \u0130braz\u0131nda (<\/span><span class=\"s5\">g\u00f6r\u00fcld\u00fc\u011f\u00fcnde )<\/span><span class=\"s5\"> \u00d6demeli Akreditif :<\/span><\/strong><span class=\"s3\"> Sevk vesaiki ihracat\u00e7\u0131 taraf\u0131ndan ihracat\u00e7\u0131n\u0131n bankas\u0131na ibraz edildi\u011finde , e\u011fer akreditif ayn\u0131 zamanda teyitli ise ihracat\u00e7\u0131n\u0131n bankas\u0131 taraf\u0131ndan hemen \u00f6deme (T\u00fcrkiye\u2019de en ge\u00e7 yedi i\u015f g\u00fcn\u00fc i\u00e7erisinde ) yap\u0131lmas\u0131n\u0131 sa\u011flayan, e\u011fer akreditif teyitsiz ise sevk vesaiki ihracat\u00e7\u0131n\u0131n bankas\u0131 taraf\u0131ndan ithalat\u00e7\u0131n\u0131n bankas\u0131na ula\u015ft\u0131r\u0131l\u0131r ula\u015ft\u0131r\u0131lmaz ithalat\u00e7\u0131n\u0131n bankas\u0131 taraf\u0131ndan \u00f6deme yap\u0131lmas\u0131n\u0131 sa\u011flayan akreditif t\u00fcr\u00fcd\u00fcr.\u201d<\/span> <span class=\"s3\">Vesaik ibraz\u0131nda \u2013gayri kabili r\u00fccu-teyitli akreditif <\/span><span class=\"s3\">\u201c ihracat\u00e7\u0131lar<\/span><span class=\"s3\"> a\u00e7\u0131s\u0131ndan en avantajl\u0131 akreditif\u2019<\/span> <span class=\"s3\">tir.<\/span><\/p><p><strong><span class=\"s5\">Vadeli <\/span><span class=\"s5\">Akreditif :<\/span><\/strong><span class=\"s3\"> Vadeli akreditiflerde sevk vesaiki , ihracat\u00e7\u0131 taraf\u0131ndan kendi bankas\u0131na ibraz edildi\u011finde \u00f6deme vesaik ibraz\u0131nda \u00f6demeli akreditif\u2019<\/span> <span class=\"s3\">deki gibi hemen de\u011fil , akreditifin \u00fczerinde yazan bir tarihte (belirli bir vadenin sonunda) yap\u0131lmaktad\u0131r.<\/span><\/p>\t\t\t\t\t\t\t\t<\/div>\n\t\t\t\t<\/div>\n\t\t\t\t\t<\/div>\n\t\t\t\t<\/div>\n\t\t<div class=\"elementor-element elementor-element-6e24496 e-flex e-con-boxed e-con e-parent\" data-id=\"6e24496\" data-element_type=\"container\" data-e-type=\"container\">\n\t\t\t\t\t<div class=\"e-con-inner\">\n\t\t\t\t<div class=\"elementor-element elementor-element-1c92d02 elementor-widget elementor-widget-text-editor\" data-id=\"1c92d02\" data-element_type=\"widget\" data-e-type=\"widget\" data-widget_type=\"text-editor.default\">\n\t\t\t\t<div class=\"elementor-widget-container\">\n\t\t\t\t\t\t\t\t\t<h4><strong><span class=\"s4\">Banka \u00d6deme Y\u00fck\u00fcml\u00fcl\u00fc\u011f\u00fc- Bank <\/span><span class=\"s4\">Payment<\/span> <span class=\"s4\">Obligation<\/span><span class=\"s4\"> (BPO) <\/span><\/strong><\/h4><p><span class=\"s3\">Banka \u00d6deme Y\u00fck\u00fcml\u00fcl\u00fc\u011f\u00fc, ihracat\u00e7\u0131 ve ithalat\u00e7\u0131 aras\u0131nda ger\u00e7ekle\u015fecek olan al\u0131\u015fveri\u015fe ait sadece elektronik ortamda sunulan verilerin ba\u015far\u0131l\u0131 bir bi\u00e7imde e\u015fle\u015fmesi \u015fart\u0131 ile bir y\u00fck\u00fcml\u00fc bankan\u0131n (al\u0131c\u0131n\u0131n bankas\u0131) bir lehtar bankaya (sat\u0131c\u0131n\u0131n bankas\u0131) verdi\u011fi geri <\/span><span class=\"s3\">d\u00f6n\u00fclemez<\/span><span class=\"s3\"> ve ba\u011f\u0131ms\u0131z bir \u00f6deme taahh\u00fcd\u00fcd\u00fcr. Akreditif ile mal mukabili y\u00f6ntemlerini birle\u015ftiren yeni bir \u00f6deme y\u00f6ntemidir.<\/span><\/p><p><span class=\"s3\">Uluslararas\u0131 Ticarette Yeni \u00d6deme \u015eekli: BPO (Bank <\/span><span class=\"s3\">Payment<\/span> <span class=\"s3\">Obligations<\/span><span class=\"s3\">)<\/span><\/p><p><span class=\"s3\">ICC (Milletleraras\u0131 Ticaret Odas\u0131) uluslararas\u0131 ticaretin geli\u015ftirilmesi y\u00f6n\u00fcnde bir\u00e7ok \u00f6nemli g\u00f6revi bulunmakla birlikte, d\u0131\u015f ticarette teslim \u015fekilleri ve \u00f6deme \u015fekilleri kurallar\u0131n\u0131 da belirlemektedir. ICC taraf\u0131ndan yay\u0131nlanan \u00ab<\/span><span class=\"s3\">Uniform<\/span><span class=\"s3\"> Rules <\/span><span class=\"s3\">for<\/span><span class=\"s3\"> Bank <\/span><span class=\"s3\">Payment<\/span><span class=\"s3\">Obligations<\/span><span class=\"s3\">\/Banka \u00d6deme <\/span><span class=\"s3\">Y\u00fck\u00fcml\u00fcl\u00fc\u011f\u00fc\u2019ne<\/span><span class=\"s3\"> \u0130li\u015fkin Bir\u00f6rnek Kurallar\u00bb bro\u015f\u00fcr\u00fcyle, h\u0131zl\u0131, banka garantisi sa\u011flayan, dijital veriye olanak veren \u201cBPO \u2013 Bank <\/span><span class=\"s3\">Payment<\/span> <span class=\"s3\">Obligations<\/span><span class=\"s3\">\u201d adl\u0131 yeni bir \u00f6deme \u015fekli olu\u015fturulmu\u015f ve yeni \u00fcr\u00fcn\u00fcn kurallar\u0131 olarak yay\u0131mlanm\u0131\u015ft\u0131r.<\/span><\/p><ul><li><span class=\"s3\">BPO, geleneksel \u00f6deme y\u00f6ntemlerinin uygulama avantajlar\u0131yla birlikte dijital geli\u015fmelerin olanak sa\u011flad\u0131\u011f\u0131 kolayl\u0131klar\u0131 birle\u015ftirmektedir.<\/span><\/li><li><span class=\"s3\">BPO, ithalat\u00e7\u0131 bankas\u0131n\u0131n ihracat\u00e7\u0131n\u0131n bankas\u0131na verdi\u011fi ve elektronik ortamda belirlenen \u015fartlar\u0131n ger\u00e7ekle\u015fmesi durumunda \u00f6demenin belirlenen bir vadede yap\u0131lmas\u0131n\u0131 sa\u011flamaktad\u0131r.<\/span><\/li><li><span class=\"s3\">BPO, d\u0131\u015f ticaret sekt\u00f6r\u00fcndeki \u015firketler i\u00e7in yeni alternatiftir, mevcut \u00f6deme y\u00f6ntemlerine \u00e7\u00f6z\u00fcm \u00fcretmek i\u00e7in geli\u015ftirilmi\u015ftir.<\/span><\/li><li><span class=\"s3\">BPO, akreditifli \u00f6deme y\u00f6nteminde oldu\u011fu gibi geri d\u00f6n\u00fclmez bir banka taahh\u00fcd\u00fcd\u00fcr.<\/span><\/li><li><span class=\"s3\">BPO, elektronik akreditif \u015feklinde an\u0131lmakla birlikte bir akreditif de\u011fil, yeni bir \u00f6deme \u015feklidir.<\/span><\/li><li><span class=\"s3\">BPO mevcut \u00f6deme \u015fekillerine ek olarak d\u00fcnya ticaretine kolay, daha ucuz, pratik ve banka g\u00fcvencesi i\u00e7eren bir alternatif \u00f6deme \u015feklidir.<\/span><\/li><li><span class=\"s3\">BPO, Mal Mukabili ile Akreditif aras\u0131ndaki bo\u015flu\u011fu doldurmaktad\u0131r.<\/span><\/li><li><span class=\"s3\">BPO, Mal Mukabili \u00f6deme y\u00f6nteminin pratikli\u011fiyle Akreditifin g\u00fcvencesi ile birle\u015ftirir.<\/span><\/li><li><span class=\"s3\">BPO, Akreditifin orijinal belgeler nedeniyle s\u00f6z konusu olabilecek gecikme ve rezerv ihtimalini ortadan kalkmaktad\u0131r.<\/span><\/li><li><span class=\"s3\">BPO, standart finansal mesajlar tipleri (ISO 20022) kullan\u0131lmaktad\u0131r. Bundan \u00f6t\u00fcr\u00fc ihracat\u00e7\u0131n\u0131n sa\u011flad\u0131\u011f\u0131 veriler d\u0131\u015f\u0131ndaki eksiklik veya uygunsuzluklar (rezerv konular\u0131) t\u00fcm\u00fcyle ortadan kalkmaktad\u0131r.<\/span><\/li><li><span class=\"s3\">BPO, ihracat\u00e7\u0131lara finansman imkanlar\u0131 sa\u011flamakt\u0131r.<\/span><\/li><li><span class=\"s3\">BPO\u2019nun<\/span><span class=\"s3\"> sa\u011flad\u0131\u011f\u0131 faydalar \u00f6zetle \u015fu \u015fekildedir; \u2022 Mal Mukabili \u00f6deme y\u00f6ntemine banka g\u00fcvencesi getirmektedir, \u2022 Standart mesajlar i\u00e7erdi\u011fi i\u00e7in rezerv konular\u0131n\u0131 azaltmaktad\u0131r, \u2022 D\u00fc\u015f\u00fck maliyetlidir, \u2022 Pratik, kolay ve h\u0131zl\u0131d\u0131r, \u2022 \u0130hracat\u00e7\u0131lara finansman imkanlar\u0131 sa\u011flamaktad\u0131r, \u2022 \u0130thalat\u00e7\u0131n\u0131n riskini ortadan kald\u0131rmaktad\u0131r \u2022 Dijital veriye m\u00fcsaittir, \u2022 Operasyonel riskleri minimize eder, \u2022 Evrak kontrol\u00fc ve gecikmesi olmaz, \u2022 Fiziki belge yoktur,<\/span><\/li><\/ul>\t\t\t\t\t\t\t\t<\/div>\n\t\t\t\t<\/div>\n\t\t\t\t\t<\/div>\n\t\t\t\t<\/div>\n\t\t<div class=\"elementor-element elementor-element-f2f6545 e-flex e-con-boxed e-con e-parent\" data-id=\"f2f6545\" data-element_type=\"container\" data-e-type=\"container\">\n\t\t\t\t\t<div class=\"e-con-inner\">\n\t\t\t\t<div class=\"elementor-element elementor-element-251e9c5 elementor-widget elementor-widget-spacer\" data-id=\"251e9c5\" data-element_type=\"widget\" data-e-type=\"widget\" data-widget_type=\"spacer.default\">\n\t\t\t\t<div class=\"elementor-widget-container\">\n\t\t\t\t\t\t\t<div class=\"elementor-spacer\">\n\t\t\t<div class=\"elementor-spacer-inner\"><\/div>\n\t\t<\/div>\n\t\t\t\t\t\t<\/div>\n\t\t\t\t<\/div>\n\t\t\t\t\t<\/div>\n\t\t\t\t<\/div>\n\t\t\t\t<\/div>\n\t\t","protected":false},"excerpt":{"rendered":"<p>\u00d6deme \u015eekilleri D\u0131\u015f Ticarette \u00d6deme \u015eekilleri \u0130thalat\u00e7\u0131 ve ihracat\u00e7\u0131 aras\u0131ndaki g\u00fcven ili\u015fkisinin derecesine, taraflar\u0131n \u00fcstlendikleri risklere ba\u011fl\u0131 olarak uluslararas\u0131 ticarette kullan\u0131lan farkl\u0131 \u00f6deme \u00e7e\u015fitleri bulunmaktad\u0131r. Yayg\u0131n olarak kullan\u0131lan \u00f6deme \u015fekilleri a\u015fa\u011f\u0131dad\u0131r: Pe\u015fin \u00d6deme (Cash Payment \/ Advance Payment ) Bu \u00f6deme \u015feklinde mal sevkiyat\u0131 ger\u00e7ekle\u015fmeden, ithalat\u00e7\u0131 mal bedelini ihracat\u00e7\u0131ya \u00f6der. \u0130hracat\u00e7\u0131 herhangi bir risk \u00fcstlenmemektedir; [&hellip;]<\/p>\n","protected":false},"author":1,"featured_media":0,"parent":0,"menu_order":0,"comment_status":"closed","ping_status":"closed","template":"elementor_header_footer","meta":{"footnotes":""},"class_list":["post-1258","page","type-page","status-publish","hentry"],"_links":{"self":[{"href":"https:\/\/platformgumrukleme.com.tr\/index.php\/wp-json\/wp\/v2\/pages\/1258","targetHints":{"allow":["GET"]}}],"collection":[{"href":"https:\/\/platformgumrukleme.com.tr\/index.php\/wp-json\/wp\/v2\/pages"}],"about":[{"href":"https:\/\/platformgumrukleme.com.tr\/index.php\/wp-json\/wp\/v2\/types\/page"}],"author":[{"embeddable":true,"href":"https:\/\/platformgumrukleme.com.tr\/index.php\/wp-json\/wp\/v2\/users\/1"}],"replies":[{"embeddable":true,"href":"https:\/\/platformgumrukleme.com.tr\/index.php\/wp-json\/wp\/v2\/comments?post=1258"}],"version-history":[{"count":7,"href":"https:\/\/platformgumrukleme.com.tr\/index.php\/wp-json\/wp\/v2\/pages\/1258\/revisions"}],"predecessor-version":[{"id":1266,"href":"https:\/\/platformgumrukleme.com.tr\/index.php\/wp-json\/wp\/v2\/pages\/1258\/revisions\/1266"}],"wp:attachment":[{"href":"https:\/\/platformgumrukleme.com.tr\/index.php\/wp-json\/wp\/v2\/media?parent=1258"}],"curies":[{"name":"wp","href":"https:\/\/api.w.org\/{rel}","templated":true}]}}