{"id":1238,"date":"2024-09-19T10:20:21","date_gmt":"2024-09-19T07:20:21","guid":{"rendered":"https:\/\/platformgumrukleme.com.tr\/?page_id=1238"},"modified":"2024-09-19T10:33:06","modified_gmt":"2024-09-19T07:33:06","slug":"hizmet-sagladigimiz-noktalar","status":"publish","type":"page","link":"https:\/\/platformgumrukleme.com.tr\/index.php\/hizmet-sagladigimiz-noktalar\/","title":{"rendered":"Hizmet Sa\u011flad\u0131\u011f\u0131m\u0131z Noktalar"},"content":{"rendered":"<style>.elementor-1238 .elementor-element.elementor-element-35c4e2b9{--display:flex;--flex-direction:row;--container-widget-width:initial;--container-widget-height:100%;--container-widget-flex-grow:1;--container-widget-align-self:stretch;--flex-wrap-mobile:wrap;--gap:0px 0px;--row-gap:0px;--column-gap:0px;--overlay-opacity:0.8;--margin-top:0px;--margin-bottom:0px;--margin-left:0px;--margin-right:0px;--padding-top:120px;--padding-bottom:120px;--padding-left:0px;--padding-right:0px;}.elementor-1238 .elementor-element.elementor-element-35c4e2b9:not(.elementor-motion-effects-element-type-background), .elementor-1238 .elementor-element.elementor-element-35c4e2b9 > .elementor-motion-effects-container > .elementor-motion-effects-layer{background-image:url(\"https:\/\/platformgumrukleme.com.tr\/wp-content\/uploads\/2024\/09\/headers-new.png\");background-position:center center;background-repeat:no-repeat;background-size:cover;}.elementor-1238 .elementor-element.elementor-element-35c4e2b9::before, .elementor-1238 .elementor-element.elementor-element-35c4e2b9 > .elementor-background-video-container::before, .elementor-1238 .elementor-element.elementor-element-35c4e2b9 > .e-con-inner > .elementor-background-video-container::before, .elementor-1238 .elementor-element.elementor-element-35c4e2b9 > .elementor-background-slideshow::before, .elementor-1238 .elementor-element.elementor-element-35c4e2b9 > .e-con-inner > .elementor-background-slideshow::before, .elementor-1238 .elementor-element.elementor-element-35c4e2b9 > .elementor-motion-effects-container > .elementor-motion-effects-layer::before{--background-overlay:'';background-color:transparent;background-image:linear-gradient(90deg, var( --e-global-color-3737bc3 ) 30%, #00000003 100%);}.elementor-1238 .elementor-element.elementor-element-5d90f9f7{--display:flex;--flex-direction:column;--container-widget-width:100%;--container-widget-height:initial;--container-widget-flex-grow:0;--container-widget-align-self:initial;--flex-wrap-mobile:wrap;--gap:0px 0px;--row-gap:0px;--column-gap:0px;--margin-top:0px;--margin-bottom:0px;--margin-left:0px;--margin-right:0px;--padding-top:0px;--padding-bottom:0px;--padding-left:0px;--padding-right:0px;}.elementor-1238 .elementor-element.elementor-element-4408bd1f{text-align:start;}.elementor-1238 .elementor-element.elementor-element-4408bd1f .elementor-heading-title{font-family:\"Bebas Neue\", Sans-serif;font-size:65px;font-weight:700;text-transform:capitalize;line-height:71px;letter-spacing:0px;color:var( --e-global-color-6f8b727 );}.elementor-1238 .elementor-element.elementor-element-4408bd1f > .elementor-widget-container{margin:0px 0px 0px 0px;padding:0px 0px 0px 0px;}.elementor-1238 .elementor-element.elementor-element-ce318d8{--display:flex;--flex-direction:column;--container-widget-width:100%;--container-widget-height:initial;--container-widget-flex-grow:0;--container-widget-align-self:initial;--flex-wrap-mobile:wrap;}.elementor-1238 .elementor-element.elementor-element-225fda2{--spacer-size:50px;}.elementor-1238 .elementor-element.elementor-element-fbe47d8{--display:flex;--flex-direction:row;--container-widget-width:initial;--container-widget-height:100%;--container-widget-flex-grow:1;--container-widget-align-self:stretch;--flex-wrap-mobile:wrap;--gap:0px 0px;--row-gap:0px;--column-gap:0px;}.elementor-1238 .elementor-element.elementor-element-871ae91{--display:flex;--flex-direction:column;--container-widget-width:100%;--container-widget-height:initial;--container-widget-flex-grow:0;--container-widget-align-self:initial;--flex-wrap-mobile:wrap;}.elementor-1238 .elementor-element.elementor-element-52d28db7{column-gap:0px;text-align:start;font-size:17px;line-height:26px;letter-spacing:-0.1px;}.elementor-1238 .elementor-element.elementor-element-52d28db7 > .elementor-widget-container{margin:0px 0px 0px 0px;padding:0px 0px 0px 0px;}.elementor-1238 .elementor-element.elementor-element-e1b4a73{--display:flex;--flex-direction:column;--container-widget-width:100%;--container-widget-height:initial;--container-widget-flex-grow:0;--container-widget-align-self:initial;--flex-wrap-mobile:wrap;}.elementor-1238 .elementor-element.elementor-element-f2f6545{--display:flex;--flex-direction:column;--container-widget-width:100%;--container-widget-height:initial;--container-widget-flex-grow:0;--container-widget-align-self:initial;--flex-wrap-mobile:wrap;}.elementor-1238 .elementor-element.elementor-element-251e9c5{--spacer-size:50px;}:root{--page-title-display:none;}@media(min-width:768px){.elementor-1238 .elementor-element.elementor-element-871ae91{--width:50%;}.elementor-1238 .elementor-element.elementor-element-e1b4a73{--width:50%;}}@media(max-width:1024px){.elementor-1238 .elementor-element.elementor-element-35c4e2b9{--margin-top:0px;--margin-bottom:0px;--margin-left:0px;--margin-right:0px;--padding-top:100px;--padding-bottom:100px;--padding-left:20px;--padding-right:20px;}.elementor-1238 .elementor-element.elementor-element-4408bd1f .elementor-heading-title{font-size:50px;line-height:56px;}.elementor-1238 .elementor-element.elementor-element-52d28db7 > .elementor-widget-container{margin:0px 0px 0px 0px;padding:10px 150px 0px 150px;}}@media(max-width:767px){.elementor-1238 .elementor-element.elementor-element-35c4e2b9{--padding-top:100px;--padding-bottom:100px;--padding-left:20px;--padding-right:20px;}.elementor-1238 .elementor-element.elementor-element-4408bd1f{text-align:center;}.elementor-1238 .elementor-element.elementor-element-4408bd1f .elementor-heading-title{font-size:38px;line-height:44px;}.elementor-1238 .elementor-element.elementor-element-52d28db7 > .elementor-widget-container{margin:0px 0px -15px 0px;padding:10px 0px 0px 0px;}}<\/style>\t\t<div data-elementor-type=\"wp-page\" data-elementor-id=\"1238\" class=\"elementor elementor-1238\">\n\t\t\t\t<div class=\"elementor-element elementor-element-35c4e2b9 e-con-full e-flex e-con e-parent\" data-id=\"35c4e2b9\" data-element_type=\"container\" data-e-type=\"container\" data-settings=\"{&quot;background_background&quot;:&quot;classic&quot;}\">\n\t\t<div class=\"elementor-element elementor-element-5d90f9f7 e-flex e-con-boxed e-con e-child\" data-id=\"5d90f9f7\" data-element_type=\"container\" data-e-type=\"container\">\n\t\t\t\t\t<div class=\"e-con-inner\">\n\t\t\t\t<div class=\"elementor-element elementor-element-4408bd1f elementor-widget elementor-widget-heading\" data-id=\"4408bd1f\" data-element_type=\"widget\" data-e-type=\"widget\" data-widget_type=\"heading.default\">\n\t\t\t\t<div class=\"elementor-widget-container\">\n\t\t\t\t\t<h2 class=\"elementor-heading-title elementor-size-default\">H\u0130ZMET SA\u011eLADI\u011eIMIZ NOKTALAR<\/h2>\t\t\t\t<\/div>\n\t\t\t\t<\/div>\n\t\t\t\t\t<\/div>\n\t\t\t\t<\/div>\n\t\t\t\t<\/div>\n\t\t<div class=\"elementor-element elementor-element-ce318d8 e-flex e-con-boxed e-con e-parent\" data-id=\"ce318d8\" data-element_type=\"container\" data-e-type=\"container\">\n\t\t\t\t\t<div class=\"e-con-inner\">\n\t\t\t\t<div class=\"elementor-element elementor-element-225fda2 elementor-widget elementor-widget-spacer\" data-id=\"225fda2\" data-element_type=\"widget\" data-e-type=\"widget\" data-widget_type=\"spacer.default\">\n\t\t\t\t<div class=\"elementor-widget-container\">\n\t\t\t\t\t\t\t<div class=\"elementor-spacer\">\n\t\t\t<div class=\"elementor-spacer-inner\"><\/div>\n\t\t<\/div>\n\t\t\t\t\t\t<\/div>\n\t\t\t\t<\/div>\n\t\t\t\t\t<\/div>\n\t\t\t\t<\/div>\n\t\t<div class=\"elementor-element elementor-element-fbe47d8 e-flex e-con-boxed e-con e-parent\" data-id=\"fbe47d8\" data-element_type=\"container\" data-e-type=\"container\">\n\t\t\t\t\t<div class=\"e-con-inner\">\n\t\t<div class=\"elementor-element elementor-element-871ae91 e-con-full e-flex e-con e-child\" data-id=\"871ae91\" data-element_type=\"container\" data-e-type=\"container\">\n\t\t\t\t<div class=\"elementor-element elementor-element-52d28db7 elementor-widget elementor-widget-text-editor\" data-id=\"52d28db7\" data-element_type=\"widget\" data-e-type=\"widget\" data-widget_type=\"text-editor.default\">\n\t\t\t\t<div class=\"elementor-widget-container\">\n\t\t\t\t\t\t\t\t\t<ul><li><span class=\"s2\">\u0130stanbul Merkez Ofis Esenyurt <\/span><\/li><li><span class=\"s2\">\u0130stanbul Havaliman\u0131 G\u00fcmr\u00fck M\u00fcd\u00fcrl\u00fc\u011f\u00fc<\/span><\/li><li><span class=\"s2\">\u00c7atalca <\/span><span class=\"s2\">Muratbey<\/span><span class=\"s2\"> G\u00fcmr\u00fck M\u00fcd\u00fcrl\u00fc\u011f\u00fc<\/span><\/li><li><span class=\"s2\">Trakya Serbest B\u00f6lge G\u00fcmr\u00fck M\u00fcd\u00fcrl\u00fc\u011f\u00fc<\/span><\/li><li><span class=\"s2\">Ambarl\u0131 Liman\u0131 G\u00fcmr\u00fck M\u00fcd\u00fcrl\u00fc\u011f\u00fc<\/span><\/li><li><span class=\"s2\">Erenk\u00f6y G\u00fcmr\u00fck M\u00fcd\u00fcrl\u00fc\u011f\u00fc<\/span><\/li><li><span class=\"s2\">Sabiha G\u00f6k\u00e7en Havaliman\u0131 G\u00fcmr\u00fck M\u00fcd\u00fcrl\u00fc\u011f\u00fc<\/span><\/li><li><span class=\"s2\">Gebze G\u00fcmr\u00fck M\u00fcd\u00fcrl\u00fc\u011f\u00fc<\/span><\/li><li><span class=\"s2\">Dilovas\u0131 G\u00fcmr\u00fck M\u00fcd\u00fcrl\u00fc\u011f\u00fc<\/span><\/li><li><span class=\"s2\">Derince <\/span><span class=\"s2\">G\u00fcmr\u00fck M\u00fcd\u00fcrl\u00fc\u011f\u00fc<\/span><\/li><li><span class=\"s2\">K\u00f6rfez <\/span><span class=\"s2\">Petro Kimya <\/span><span class=\"s2\">G\u00fcmr\u00fck M\u00fcd\u00fcrl\u00fc\u011f\u00fc<\/span><\/li><li><span class=\"s2\">Tekirda\u011f G\u00fcmr\u00fck M\u00fcd\u00fcrl\u00fc\u011f\u00fc<\/span><\/li><li><span class=\"s2\">\u00c7erkezk\u00f6y G\u00fcmr\u00fck M\u00fcd\u00fcrl\u00fc\u011f\u00fc<\/span><\/li><li><span class=\"s2\">\u00c7orlu Avrupa Serbest B\u00f6lge G\u00fcmr\u00fck M\u00fcd\u00fcrl\u00fc\u011f\u00fc<\/span><\/li><li><span class=\"s2\">Bursa G\u00fcmr\u00fck M\u00fcd\u00fcrl\u00fc\u011f\u00fc<\/span><\/li><li><span class=\"s2\">Gemlik G\u00fcmr\u00fck M\u00fcd\u00fcrl\u00fc\u011f\u00fc<\/span><\/li><li><span class=\"s2\">\u0130zmir &amp; Alia\u011fa &amp; Adnan Menderes G\u00fcmr\u00fck M\u00fcd\u00fcrl\u00fckleri<\/span><\/li><li><span class=\"s2\">Mersin G\u00fcmr\u00fck M\u00fcd\u00fcrl\u00fc\u011f\u00fc<\/span><\/li><li><span class=\"s2\">\u0130skenderun G\u00fcmr\u00fck M\u00fcd\u00fcrl\u00fc\u011f\u00fc<\/span><\/li><li><span class=\"s2\">Ankara &amp; Ankara Gar &amp; Esenbo\u011fa G\u00fcmr\u00fck M\u00fcd\u00fcrl\u00fckleri<\/span><\/li><\/ul>\t\t\t\t\t\t\t\t<\/div>\n\t\t\t\t<\/div>\n\t\t\t\t<\/div>\n\t\t<div class=\"elementor-element elementor-element-e1b4a73 e-con-full e-flex e-con e-child\" data-id=\"e1b4a73\" data-element_type=\"container\" data-e-type=\"container\">\n\t\t\t\t<div class=\"elementor-element elementor-element-9127bab elementor-widget elementor-widget-image\" data-id=\"9127bab\" data-element_type=\"widget\" data-e-type=\"widget\" data-widget_type=\"image.default\">\n\t\t\t\t<div class=\"elementor-widget-container\">\n\t\t\t\t\t\t\t\t\t\t\t\t\t\t\t<img fetchpriority=\"high\" decoding=\"async\" width=\"1024\" height=\"1024\" src=\"https:\/\/platformgumrukleme.com.tr\/wp-content\/uploads\/2024\/09\/plths-1024x1024.png\" class=\"attachment-large size-large wp-image-1241\" alt=\"\" srcset=\"https:\/\/platformgumrukleme.com.tr\/wp-content\/uploads\/2024\/09\/plths-1024x1024.png 1024w, https:\/\/platformgumrukleme.com.tr\/wp-content\/uploads\/2024\/09\/plths-300x300.png 300w, https:\/\/platformgumrukleme.com.tr\/wp-content\/uploads\/2024\/09\/plths-150x150.png 150w, https:\/\/platformgumrukleme.com.tr\/wp-content\/uploads\/2024\/09\/plths-768x768.png 768w, https:\/\/platformgumrukleme.com.tr\/wp-content\/uploads\/2024\/09\/plths-1536x1536.png 1536w, https:\/\/platformgumrukleme.com.tr\/wp-content\/uploads\/2024\/09\/plths.png 2000w\" sizes=\"(max-width: 1024px) 100vw, 1024px\" \/>\t\t\t\t\t\t\t\t\t\t\t\t\t\t\t<\/div>\n\t\t\t\t<\/div>\n\t\t\t\t<\/div>\n\t\t\t\t\t<\/div>\n\t\t\t\t<\/div>\n\t\t<div class=\"elementor-element elementor-element-f2f6545 e-flex e-con-boxed e-con e-parent\" data-id=\"f2f6545\" data-element_type=\"container\" data-e-type=\"container\">\n\t\t\t\t\t<div class=\"e-con-inner\">\n\t\t\t\t<div class=\"elementor-element elementor-element-251e9c5 elementor-widget elementor-widget-spacer\" data-id=\"251e9c5\" data-element_type=\"widget\" data-e-type=\"widget\" data-widget_type=\"spacer.default\">\n\t\t\t\t<div class=\"elementor-widget-container\">\n\t\t\t\t\t\t\t<div class=\"elementor-spacer\">\n\t\t\t<div class=\"elementor-spacer-inner\"><\/div>\n\t\t<\/div>\n\t\t\t\t\t\t<\/div>\n\t\t\t\t<\/div>\n\t\t\t\t\t<\/div>\n\t\t\t\t<\/div>\n\t\t\t\t<\/div>\n\t\t","protected":false},"excerpt":{"rendered":"<p>H\u0130ZMET SA\u011eLADI\u011eIMIZ NOKTALAR \u0130stanbul Merkez Ofis Esenyurt \u0130stanbul Havaliman\u0131 G\u00fcmr\u00fck M\u00fcd\u00fcrl\u00fc\u011f\u00fc \u00c7atalca Muratbey G\u00fcmr\u00fck M\u00fcd\u00fcrl\u00fc\u011f\u00fc Trakya Serbest B\u00f6lge G\u00fcmr\u00fck M\u00fcd\u00fcrl\u00fc\u011f\u00fc Ambarl\u0131 Liman\u0131 G\u00fcmr\u00fck M\u00fcd\u00fcrl\u00fc\u011f\u00fc Erenk\u00f6y G\u00fcmr\u00fck M\u00fcd\u00fcrl\u00fc\u011f\u00fc Sabiha G\u00f6k\u00e7en Havaliman\u0131 G\u00fcmr\u00fck M\u00fcd\u00fcrl\u00fc\u011f\u00fc Gebze G\u00fcmr\u00fck M\u00fcd\u00fcrl\u00fc\u011f\u00fc Dilovas\u0131 G\u00fcmr\u00fck M\u00fcd\u00fcrl\u00fc\u011f\u00fc Derince G\u00fcmr\u00fck M\u00fcd\u00fcrl\u00fc\u011f\u00fc K\u00f6rfez Petro Kimya G\u00fcmr\u00fck M\u00fcd\u00fcrl\u00fc\u011f\u00fc Tekirda\u011f G\u00fcmr\u00fck M\u00fcd\u00fcrl\u00fc\u011f\u00fc \u00c7erkezk\u00f6y G\u00fcmr\u00fck M\u00fcd\u00fcrl\u00fc\u011f\u00fc \u00c7orlu Avrupa Serbest [&hellip;]<\/p>\n","protected":false},"author":1,"featured_media":0,"parent":0,"menu_order":0,"comment_status":"closed","ping_status":"closed","template":"elementor_header_footer","meta":{"footnotes":""},"class_list":["post-1238","page","type-page","status-publish","hentry"],"_links":{"self":[{"href":"https:\/\/platformgumrukleme.com.tr\/index.php\/wp-json\/wp\/v2\/pages\/1238","targetHints":{"allow":["GET"]}}],"collection":[{"href":"https:\/\/platformgumrukleme.com.tr\/index.php\/wp-json\/wp\/v2\/pages"}],"about":[{"href":"https:\/\/platformgumrukleme.com.tr\/index.php\/wp-json\/wp\/v2\/types\/page"}],"author":[{"embeddable":true,"href":"https:\/\/platformgumrukleme.com.tr\/index.php\/wp-json\/wp\/v2\/users\/1"}],"replies":[{"embeddable":true,"href":"https:\/\/platformgumrukleme.com.tr\/index.php\/wp-json\/wp\/v2\/comments?post=1238"}],"version-history":[{"count":4,"href":"https:\/\/platformgumrukleme.com.tr\/index.php\/wp-json\/wp\/v2\/pages\/1238\/revisions"}],"predecessor-version":[{"id":1245,"href":"https:\/\/platformgumrukleme.com.tr\/index.php\/wp-json\/wp\/v2\/pages\/1238\/revisions\/1245"}],"wp:attachment":[{"href":"https:\/\/platformgumrukleme.com.tr\/index.php\/wp-json\/wp\/v2\/media?parent=1238"}],"curies":[{"name":"wp","href":"https:\/\/api.w.org\/{rel}","templated":true}]}}