{"id":1083,"date":"2024-09-15T10:00:57","date_gmt":"2024-09-15T07:00:57","guid":{"rendered":"https:\/\/platformgumrukleme.com.tr\/?page_id=1083"},"modified":"2024-09-15T23:27:47","modified_gmt":"2024-09-15T20:27:47","slug":"antrepo-organizasyonu","status":"publish","type":"page","link":"https:\/\/platformgumrukleme.com.tr\/index.php\/antrepo-organizasyonu\/","title":{"rendered":"Antrepo Organizasyonu"},"content":{"rendered":"<style>.elementor-1083 .elementor-element.elementor-element-35c4e2b9{--display:flex;--flex-direction:row;--container-widget-width:initial;--container-widget-height:100%;--container-widget-flex-grow:1;--container-widget-align-self:stretch;--flex-wrap-mobile:wrap;--gap:0px 0px;--row-gap:0px;--column-gap:0px;--overlay-opacity:0.8;--margin-top:0px;--margin-bottom:0px;--margin-left:0px;--margin-right:0px;--padding-top:120px;--padding-bottom:120px;--padding-left:0px;--padding-right:0px;}.elementor-1083 .elementor-element.elementor-element-35c4e2b9:not(.elementor-motion-effects-element-type-background), .elementor-1083 .elementor-element.elementor-element-35c4e2b9 > .elementor-motion-effects-container > .elementor-motion-effects-layer{background-image:url(\"https:\/\/platformgumrukleme.com.tr\/wp-content\/uploads\/2024\/09\/headers-new.png\");background-position:center center;background-repeat:no-repeat;background-size:cover;}.elementor-1083 .elementor-element.elementor-element-35c4e2b9::before, .elementor-1083 .elementor-element.elementor-element-35c4e2b9 > .elementor-background-video-container::before, .elementor-1083 .elementor-element.elementor-element-35c4e2b9 > .e-con-inner > .elementor-background-video-container::before, .elementor-1083 .elementor-element.elementor-element-35c4e2b9 > .elementor-background-slideshow::before, .elementor-1083 .elementor-element.elementor-element-35c4e2b9 > .e-con-inner > .elementor-background-slideshow::before, .elementor-1083 .elementor-element.elementor-element-35c4e2b9 > .elementor-motion-effects-container > .elementor-motion-effects-layer::before{--background-overlay:'';background-color:transparent;background-image:linear-gradient(90deg, var( --e-global-color-3737bc3 ) 30%, #00000003 100%);}.elementor-1083 .elementor-element.elementor-element-5d90f9f7{--display:flex;--flex-direction:column;--container-widget-width:100%;--container-widget-height:initial;--container-widget-flex-grow:0;--container-widget-align-self:initial;--flex-wrap-mobile:wrap;--gap:0px 0px;--row-gap:0px;--column-gap:0px;--margin-top:0px;--margin-bottom:0px;--margin-left:0px;--margin-right:0px;--padding-top:0px;--padding-bottom:0px;--padding-left:0px;--padding-right:0px;}.elementor-1083 .elementor-element.elementor-element-4408bd1f{text-align:start;}.elementor-1083 .elementor-element.elementor-element-4408bd1f .elementor-heading-title{font-family:\"Bebas Neue\", Sans-serif;font-size:65px;font-weight:700;text-transform:capitalize;line-height:71px;letter-spacing:0px;color:var( --e-global-color-6f8b727 );}.elementor-1083 .elementor-element.elementor-element-4408bd1f > .elementor-widget-container{margin:0px 0px 0px 0px;padding:0px 0px 0px 0px;}.elementor-1083 .elementor-element.elementor-element-ce318d8{--display:flex;--flex-direction:column;--container-widget-width:100%;--container-widget-height:initial;--container-widget-flex-grow:0;--container-widget-align-self:initial;--flex-wrap-mobile:wrap;}.elementor-1083 .elementor-element.elementor-element-225fda2{--spacer-size:50px;}.elementor-1083 .elementor-element.elementor-element-01a4473{--display:flex;--flex-direction:column;--container-widget-width:100%;--container-widget-height:initial;--container-widget-flex-grow:0;--container-widget-align-self:initial;--flex-wrap-mobile:wrap;}.elementor-1083 .elementor-element.elementor-element-1afce9b{text-align:justify;}.elementor-1083 .elementor-element.elementor-element-c1c34eb{--display:flex;--flex-direction:column;--container-widget-width:100%;--container-widget-height:initial;--container-widget-flex-grow:0;--container-widget-align-self:initial;--flex-wrap-mobile:wrap;}.elementor-1083 .elementor-element.elementor-element-202218a img{width:100%;}.elementor-1083 .elementor-element.elementor-element-f2f6545{--display:flex;--flex-direction:column;--container-widget-width:100%;--container-widget-height:initial;--container-widget-flex-grow:0;--container-widget-align-self:initial;--flex-wrap-mobile:wrap;}.elementor-1083 .elementor-element.elementor-element-251e9c5{--spacer-size:50px;}:root{--page-title-display:none;}@media(max-width:1024px){.elementor-1083 .elementor-element.elementor-element-35c4e2b9{--margin-top:0px;--margin-bottom:0px;--margin-left:0px;--margin-right:0px;--padding-top:100px;--padding-bottom:100px;--padding-left:20px;--padding-right:20px;}.elementor-1083 .elementor-element.elementor-element-4408bd1f .elementor-heading-title{font-size:50px;line-height:56px;}}@media(max-width:767px){.elementor-1083 .elementor-element.elementor-element-35c4e2b9{--padding-top:100px;--padding-bottom:100px;--padding-left:20px;--padding-right:20px;}.elementor-1083 .elementor-element.elementor-element-4408bd1f{text-align:center;}.elementor-1083 .elementor-element.elementor-element-4408bd1f .elementor-heading-title{font-size:38px;line-height:44px;}}<\/style>\t\t<div data-elementor-type=\"wp-page\" data-elementor-id=\"1083\" class=\"elementor elementor-1083\">\n\t\t\t\t<div class=\"elementor-element elementor-element-35c4e2b9 e-con-full e-flex e-con e-parent\" data-id=\"35c4e2b9\" data-element_type=\"container\" data-e-type=\"container\" data-settings=\"{&quot;background_background&quot;:&quot;classic&quot;}\">\n\t\t<div class=\"elementor-element elementor-element-5d90f9f7 e-flex e-con-boxed e-con e-child\" data-id=\"5d90f9f7\" data-element_type=\"container\" data-e-type=\"container\">\n\t\t\t\t\t<div class=\"e-con-inner\">\n\t\t\t\t<div class=\"elementor-element elementor-element-4408bd1f elementor-widget elementor-widget-heading\" data-id=\"4408bd1f\" data-element_type=\"widget\" data-e-type=\"widget\" data-widget_type=\"heading.default\">\n\t\t\t\t<div class=\"elementor-widget-container\">\n\t\t\t\t\t<h2 class=\"elementor-heading-title elementor-size-default\">ANTREPO ORGANIZASYONU<\/h2>\t\t\t\t<\/div>\n\t\t\t\t<\/div>\n\t\t\t\t\t<\/div>\n\t\t\t\t<\/div>\n\t\t\t\t<\/div>\n\t\t<div class=\"elementor-element elementor-element-ce318d8 e-flex e-con-boxed e-con e-parent\" data-id=\"ce318d8\" data-element_type=\"container\" data-e-type=\"container\">\n\t\t\t\t\t<div class=\"e-con-inner\">\n\t\t\t\t<div class=\"elementor-element elementor-element-225fda2 elementor-widget elementor-widget-spacer\" data-id=\"225fda2\" data-element_type=\"widget\" data-e-type=\"widget\" data-widget_type=\"spacer.default\">\n\t\t\t\t<div class=\"elementor-widget-container\">\n\t\t\t\t\t\t\t<div class=\"elementor-spacer\">\n\t\t\t<div class=\"elementor-spacer-inner\"><\/div>\n\t\t<\/div>\n\t\t\t\t\t\t<\/div>\n\t\t\t\t<\/div>\n\t\t\t\t\t<\/div>\n\t\t\t\t<\/div>\n\t\t<div class=\"elementor-element elementor-element-01a4473 e-flex e-con-boxed e-con e-parent\" data-id=\"01a4473\" data-element_type=\"container\" data-e-type=\"container\">\n\t\t\t\t\t<div class=\"e-con-inner\">\n\t\t\t\t<div class=\"elementor-element elementor-element-1afce9b elementor-widget elementor-widget-text-editor\" data-id=\"1afce9b\" data-element_type=\"widget\" data-e-type=\"widget\" data-widget_type=\"text-editor.default\">\n\t\t\t\t<div class=\"elementor-widget-container\">\n\t\t\t\t\t\t\t\t\t<p>G\u00fcmr\u00fck antrepo organizasyonu, uluslararas\u0131 ticaretin \u00f6nemli bir par\u00e7as\u0131 olan g\u00fcmr\u00fck antrepolar\u0131nda yap\u0131lan operasyonlar\u0131 ve y\u00f6netimi i\u00e7erir. Antrepo, ithalat veya ihracat s\u00fcre\u00e7lerinde mallar\u0131n g\u00fcmr\u00fck i\u015flemleri tamamlanana kadar depoland\u0131\u011f\u0131 yerlerdir. G\u00fcmr\u00fck antrepo organizasyonu \u015fu unsurlar\u0131 i\u00e7erir:<\/p><p><strong>Stok Y\u00f6netimi :<\/strong> Antrepoya gelen ve \u00e7\u0131kan mallar\u0131n kay\u0131t alt\u0131na al\u0131nmas\u0131, d\u00fczenlenmesi ve uygun \u015fekilde depolanmas\u0131.<\/p><p><strong>G\u00fcmr\u00fck Prosed\u00fcrleri :<\/strong> G\u00fcmr\u00fck kurallar\u0131na uygun olarak, mal\u0131n ithalat veya ihracat i\u00e7in haz\u0131rlanmas\u0131, beyanlar\u0131n yap\u0131lmas\u0131 ve g\u00fcmr\u00fck vergilerinin \u00f6denmesi gibi i\u015flemler.<\/p><p><strong>Lojistik ve Da\u011f\u0131t\u0131m : <\/strong>Mallar\u0131n antrepodan \u00e7\u0131kar\u0131lmas\u0131, hedef noktaya teslim edilmesi i\u00e7in lojistik organizasyonu.<\/p><p><strong>Risk Y\u00f6netimi: <\/strong>Ka\u00e7ak\u00e7\u0131l\u0131k, eksik bildirim gibi olumsuz durumlar\u0131n \u00f6nlenmesi amac\u0131yla risk analizleri ve denetimler.<\/p><p><strong>Envanter ve G\u00fcvenlik:<\/strong> Antrepoda depolanan mallar\u0131n g\u00fcvenli\u011finin sa\u011flanmas\u0131, kay\u0131p veya hasar durumlar\u0131n\u0131n \u00f6nlenmesi.<\/p><p><strong>Sekonder Ambalajlama :<span class=\"Apple-converted-space\">\u00a0 <\/span><\/strong>M\u00fc\u015fterilerimiz i\u00e7in karekodlamadan-etiketlemeye, hiyerar\u015fi olu\u015fturmadan-kutulamaya, numuneye \u00e7evirmeden-promosyon kit olu\u015fturmaya kadar t\u00fcm \u00fcretim a\u015famalar\u0131n\u0131, \u00f6zel \u00fcretim alanlar\u0131m\u0131zda \u00fcr\u00fcn gerekliliklerine uygun olarak GMP (\u0130yi \u00dcretim Uygulamalar\u0131) ko\u015fullar\u0131nda ger\u00e7ekle\u015ftiriyoruz.\u00a0 \u00dcretim hizmetlerimizi, her zaman m\u00fc\u015fteri ihtiyac\u0131na ve \u00fcr\u00fcne g\u00f6re uyarl\u0131yoruz. Bu sayede GMP uyumlulu\u011funu, %100 \u00fcr\u00fcn izlenebilirli\u011fini ve \u00fcr\u00fcn g\u00fcvenli\u011fini garanti ediyoruz. Tesislerimizde 2 vardiya \u00fcretim sayesinde acil \u00fcr\u00fcnlerinizi de planlamaya al\u0131p bir sonraki g\u00fcne sat\u0131\u015fa haz\u0131r hale getirebiliyoruz. 2 vardiya \u00e7al\u0131\u015fma sistemi ile depo ve sekonder ambalajlama operasyonlar\u0131nda s\u00fcre\u00e7leri h\u0131zland\u0131r\u0131p sizleri rakiplerinizin \u00f6n\u00fcne ge\u00e7iriyoruz. \u00dcretim alanlar\u0131nda kulland\u0131\u011f\u0131m\u0131z teknolojiler ile manuel i\u015flemleri minimuma indirip s\u00fcrekli \u00fcretim hatlar\u0131 ve robot uygulamalar\u0131 ile verimlili\u011fimizi art\u0131r\u0131p maliyetlerimizi optimize ediyoruz. Bu sayede m\u00fc\u015fterilerimize kaliteli hizmeti en uygun fiyatlarla sunabiliyoruz.<\/p><p>Antrepo hizmetlerimizin i\u00e7inde, m\u00fc\u015fterilerimizin verimliliklerini artt\u0131racak ve onlara zaman tasarrufu sa\u011flayacak sekonder ambalajlama hizmetleri de sunmaktay\u0131z. Antrepoda sa\u011flanan sekonder ambalajlama i\u015flemleri sayesinde m\u00fc\u015fterilerimizin i\u015f s\u00fcre\u00e7lerini h\u0131zland\u0131r\u0131p daha ak\u0131c\u0131 hale getirmekteyiz.Bu s\u00fcre\u00e7ler, hem ithalat\u00e7\u0131lar\u0131n hem de ihracat\u00e7\u0131lar\u0131n mal ak\u0131\u015f\u0131n\u0131 daha verimli ve d\u00fczenli hale getirmesine olanak tan\u0131r.<\/p>\t\t\t\t\t\t\t\t<\/div>\n\t\t\t\t<\/div>\n\t\t\t\t\t<\/div>\n\t\t\t\t<\/div>\n\t\t<div class=\"elementor-element elementor-element-c1c34eb e-flex e-con-boxed e-con e-parent\" data-id=\"c1c34eb\" data-element_type=\"container\" data-e-type=\"container\">\n\t\t\t\t\t<div class=\"e-con-inner\">\n\t\t\t\t<div class=\"elementor-element elementor-element-202218a elementor-widget elementor-widget-image\" data-id=\"202218a\" data-element_type=\"widget\" data-e-type=\"widget\" data-widget_type=\"image.default\">\n\t\t\t\t<div class=\"elementor-widget-container\">\n\t\t\t\t\t\t\t\t\t\t\t\t\t\t\t<img fetchpriority=\"high\" decoding=\"async\" width=\"1700\" height=\"1133\" src=\"https:\/\/platformgumrukleme.com.tr\/wp-content\/uploads\/2024\/09\/antrepo.jpg\" class=\"attachment-full size-full wp-image-1085\" alt=\"\" srcset=\"https:\/\/platformgumrukleme.com.tr\/wp-content\/uploads\/2024\/09\/antrepo.jpg 1700w, https:\/\/platformgumrukleme.com.tr\/wp-content\/uploads\/2024\/09\/antrepo-300x200.jpg 300w, https:\/\/platformgumrukleme.com.tr\/wp-content\/uploads\/2024\/09\/antrepo-1024x682.jpg 1024w, https:\/\/platformgumrukleme.com.tr\/wp-content\/uploads\/2024\/09\/antrepo-768x512.jpg 768w, https:\/\/platformgumrukleme.com.tr\/wp-content\/uploads\/2024\/09\/antrepo-1536x1024.jpg 1536w\" sizes=\"(max-width: 1700px) 100vw, 1700px\" \/>\t\t\t\t\t\t\t\t\t\t\t\t\t\t\t<\/div>\n\t\t\t\t<\/div>\n\t\t\t\t\t<\/div>\n\t\t\t\t<\/div>\n\t\t<div class=\"elementor-element elementor-element-f2f6545 e-flex e-con-boxed e-con e-parent\" data-id=\"f2f6545\" data-element_type=\"container\" data-e-type=\"container\">\n\t\t\t\t\t<div class=\"e-con-inner\">\n\t\t\t\t<div class=\"elementor-element elementor-element-251e9c5 elementor-widget elementor-widget-spacer\" data-id=\"251e9c5\" data-element_type=\"widget\" data-e-type=\"widget\" data-widget_type=\"spacer.default\">\n\t\t\t\t<div class=\"elementor-widget-container\">\n\t\t\t\t\t\t\t<div class=\"elementor-spacer\">\n\t\t\t<div class=\"elementor-spacer-inner\"><\/div>\n\t\t<\/div>\n\t\t\t\t\t\t<\/div>\n\t\t\t\t<\/div>\n\t\t\t\t\t<\/div>\n\t\t\t\t<\/div>\n\t\t\t\t<\/div>\n\t\t","protected":false},"excerpt":{"rendered":"<p>ANTREPO ORGANIZASYONU G\u00fcmr\u00fck antrepo organizasyonu, uluslararas\u0131 ticaretin \u00f6nemli bir par\u00e7as\u0131 olan g\u00fcmr\u00fck antrepolar\u0131nda yap\u0131lan operasyonlar\u0131 ve y\u00f6netimi i\u00e7erir. Antrepo, ithalat veya ihracat s\u00fcre\u00e7lerinde mallar\u0131n g\u00fcmr\u00fck i\u015flemleri tamamlanana kadar depoland\u0131\u011f\u0131 yerlerdir. G\u00fcmr\u00fck antrepo organizasyonu \u015fu unsurlar\u0131 i\u00e7erir: Stok Y\u00f6netimi : Antrepoya gelen ve \u00e7\u0131kan mallar\u0131n kay\u0131t alt\u0131na al\u0131nmas\u0131, d\u00fczenlenmesi ve uygun \u015fekilde depolanmas\u0131. G\u00fcmr\u00fck Prosed\u00fcrleri : [&hellip;]<\/p>\n","protected":false},"author":1,"featured_media":0,"parent":0,"menu_order":0,"comment_status":"closed","ping_status":"closed","template":"elementor_header_footer","meta":{"footnotes":""},"class_list":["post-1083","page","type-page","status-publish","hentry"],"_links":{"self":[{"href":"https:\/\/platformgumrukleme.com.tr\/index.php\/wp-json\/wp\/v2\/pages\/1083","targetHints":{"allow":["GET"]}}],"collection":[{"href":"https:\/\/platformgumrukleme.com.tr\/index.php\/wp-json\/wp\/v2\/pages"}],"about":[{"href":"https:\/\/platformgumrukleme.com.tr\/index.php\/wp-json\/wp\/v2\/types\/page"}],"author":[{"embeddable":true,"href":"https:\/\/platformgumrukleme.com.tr\/index.php\/wp-json\/wp\/v2\/users\/1"}],"replies":[{"embeddable":true,"href":"https:\/\/platformgumrukleme.com.tr\/index.php\/wp-json\/wp\/v2\/comments?post=1083"}],"version-history":[{"count":8,"href":"https:\/\/platformgumrukleme.com.tr\/index.php\/wp-json\/wp\/v2\/pages\/1083\/revisions"}],"predecessor-version":[{"id":1192,"href":"https:\/\/platformgumrukleme.com.tr\/index.php\/wp-json\/wp\/v2\/pages\/1083\/revisions\/1192"}],"wp:attachment":[{"href":"https:\/\/platformgumrukleme.com.tr\/index.php\/wp-json\/wp\/v2\/media?parent=1083"}],"curies":[{"name":"wp","href":"https:\/\/api.w.org\/{rel}","templated":true}]}}