{"id":1023,"date":"2024-09-15T01:13:54","date_gmt":"2024-09-14T22:13:54","guid":{"rendered":"https:\/\/platformgumrukleme.com.tr\/?page_id=1023"},"modified":"2024-09-15T23:33:12","modified_gmt":"2024-09-15T20:33:12","slug":"sigorta-organizasyon-hizmeti","status":"publish","type":"page","link":"https:\/\/platformgumrukleme.com.tr\/index.php\/sigorta-organizasyon-hizmeti\/","title":{"rendered":"Sigorta Organizasyon Hizmeti"},"content":{"rendered":"<style>.elementor-1023 .elementor-element.elementor-element-35c4e2b9{--display:flex;--flex-direction:row;--container-widget-width:initial;--container-widget-height:100%;--container-widget-flex-grow:1;--container-widget-align-self:stretch;--flex-wrap-mobile:wrap;--gap:0px 0px;--row-gap:0px;--column-gap:0px;--overlay-opacity:0.8;--margin-top:0px;--margin-bottom:0px;--margin-left:0px;--margin-right:0px;--padding-top:120px;--padding-bottom:120px;--padding-left:0px;--padding-right:0px;}.elementor-1023 .elementor-element.elementor-element-35c4e2b9:not(.elementor-motion-effects-element-type-background), .elementor-1023 .elementor-element.elementor-element-35c4e2b9 > .elementor-motion-effects-container > .elementor-motion-effects-layer{background-image:url(\"https:\/\/platformgumrukleme.com.tr\/wp-content\/uploads\/2024\/09\/headers-new.png\");background-position:center center;background-repeat:no-repeat;background-size:cover;}.elementor-1023 .elementor-element.elementor-element-35c4e2b9::before, .elementor-1023 .elementor-element.elementor-element-35c4e2b9 > .elementor-background-video-container::before, .elementor-1023 .elementor-element.elementor-element-35c4e2b9 > .e-con-inner > .elementor-background-video-container::before, .elementor-1023 .elementor-element.elementor-element-35c4e2b9 > .elementor-background-slideshow::before, .elementor-1023 .elementor-element.elementor-element-35c4e2b9 > .e-con-inner > .elementor-background-slideshow::before, .elementor-1023 .elementor-element.elementor-element-35c4e2b9 > .elementor-motion-effects-container > .elementor-motion-effects-layer::before{--background-overlay:'';background-color:transparent;background-image:linear-gradient(90deg, var( --e-global-color-3737bc3 ) 30%, #00000003 100%);}.elementor-1023 .elementor-element.elementor-element-5d90f9f7{--display:flex;--flex-direction:column;--container-widget-width:100%;--container-widget-height:initial;--container-widget-flex-grow:0;--container-widget-align-self:initial;--flex-wrap-mobile:wrap;--gap:0px 0px;--row-gap:0px;--column-gap:0px;--margin-top:0px;--margin-bottom:0px;--margin-left:0px;--margin-right:0px;--padding-top:0px;--padding-bottom:0px;--padding-left:0px;--padding-right:0px;}.elementor-1023 .elementor-element.elementor-element-4408bd1f{text-align:start;}.elementor-1023 .elementor-element.elementor-element-4408bd1f .elementor-heading-title{font-family:\"Bebas Neue\", Sans-serif;font-size:65px;font-weight:700;text-transform:capitalize;line-height:71px;letter-spacing:0px;color:var( --e-global-color-6f8b727 );}.elementor-1023 .elementor-element.elementor-element-4408bd1f > .elementor-widget-container{margin:0px 0px 0px 0px;padding:0px 0px 0px 0px;}.elementor-1023 .elementor-element.elementor-element-ce318d8{--display:flex;--flex-direction:column;--container-widget-width:100%;--container-widget-height:initial;--container-widget-flex-grow:0;--container-widget-align-self:initial;--flex-wrap-mobile:wrap;}.elementor-1023 .elementor-element.elementor-element-225fda2{--spacer-size:50px;}.elementor-1023 .elementor-element.elementor-element-0e51bb1{--display:flex;--flex-direction:column;--container-widget-width:100%;--container-widget-height:initial;--container-widget-flex-grow:0;--container-widget-align-self:initial;--flex-wrap-mobile:wrap;}.elementor-1023 .elementor-element.elementor-element-52d28db7{column-gap:0px;text-align:justify;}.elementor-1023 .elementor-element.elementor-element-52d28db7 > .elementor-widget-container{margin:0px 0px 0px 0px;padding:0px 0px 0px 0px;}.elementor-1023 .elementor-element.elementor-element-14a5c6c{--display:flex;--flex-direction:column;--container-widget-width:100%;--container-widget-height:initial;--container-widget-flex-grow:0;--container-widget-align-self:initial;--flex-wrap-mobile:wrap;}.elementor-1023 .elementor-element.elementor-element-f2f6545{--display:flex;--flex-direction:column;--container-widget-width:100%;--container-widget-height:initial;--container-widget-flex-grow:0;--container-widget-align-self:initial;--flex-wrap-mobile:wrap;}.elementor-1023 .elementor-element.elementor-element-251e9c5{--spacer-size:50px;}:root{--page-title-display:none;}@media(max-width:1024px){.elementor-1023 .elementor-element.elementor-element-35c4e2b9{--margin-top:0px;--margin-bottom:0px;--margin-left:0px;--margin-right:0px;--padding-top:100px;--padding-bottom:100px;--padding-left:20px;--padding-right:20px;}.elementor-1023 .elementor-element.elementor-element-4408bd1f .elementor-heading-title{font-size:50px;line-height:56px;}.elementor-1023 .elementor-element.elementor-element-52d28db7 > .elementor-widget-container{margin:0px 0px 0px 0px;padding:10px 150px 0px 150px;}}@media(max-width:767px){.elementor-1023 .elementor-element.elementor-element-35c4e2b9{--padding-top:100px;--padding-bottom:100px;--padding-left:20px;--padding-right:20px;}.elementor-1023 .elementor-element.elementor-element-4408bd1f{text-align:center;}.elementor-1023 .elementor-element.elementor-element-4408bd1f .elementor-heading-title{font-size:38px;line-height:44px;}.elementor-1023 .elementor-element.elementor-element-52d28db7 > .elementor-widget-container{margin:0px 0px -15px 0px;padding:10px 0px 0px 0px;}}<\/style>\t\t<div data-elementor-type=\"wp-page\" data-elementor-id=\"1023\" class=\"elementor elementor-1023\">\n\t\t\t\t<div class=\"elementor-element elementor-element-35c4e2b9 e-con-full e-flex e-con e-parent\" data-id=\"35c4e2b9\" data-element_type=\"container\" data-e-type=\"container\" data-settings=\"{&quot;background_background&quot;:&quot;classic&quot;}\">\n\t\t<div class=\"elementor-element elementor-element-5d90f9f7 e-flex e-con-boxed e-con e-child\" data-id=\"5d90f9f7\" data-element_type=\"container\" data-e-type=\"container\">\n\t\t\t\t\t<div class=\"e-con-inner\">\n\t\t\t\t<div class=\"elementor-element elementor-element-4408bd1f elementor-widget elementor-widget-heading\" data-id=\"4408bd1f\" data-element_type=\"widget\" data-e-type=\"widget\" data-widget_type=\"heading.default\">\n\t\t\t\t<div class=\"elementor-widget-container\">\n\t\t\t\t\t<h2 class=\"elementor-heading-title elementor-size-default\">Sigorta organizasyon hizmeti<\/h2>\t\t\t\t<\/div>\n\t\t\t\t<\/div>\n\t\t\t\t\t<\/div>\n\t\t\t\t<\/div>\n\t\t\t\t<\/div>\n\t\t<div class=\"elementor-element elementor-element-ce318d8 e-flex e-con-boxed e-con e-parent\" data-id=\"ce318d8\" data-element_type=\"container\" data-e-type=\"container\">\n\t\t\t\t\t<div class=\"e-con-inner\">\n\t\t\t\t<div class=\"elementor-element elementor-element-225fda2 elementor-widget elementor-widget-spacer\" data-id=\"225fda2\" data-element_type=\"widget\" data-e-type=\"widget\" data-widget_type=\"spacer.default\">\n\t\t\t\t<div class=\"elementor-widget-container\">\n\t\t\t\t\t\t\t<div class=\"elementor-spacer\">\n\t\t\t<div class=\"elementor-spacer-inner\"><\/div>\n\t\t<\/div>\n\t\t\t\t\t\t<\/div>\n\t\t\t\t<\/div>\n\t\t\t\t\t<\/div>\n\t\t\t\t<\/div>\n\t\t<div class=\"elementor-element elementor-element-0e51bb1 e-flex e-con-boxed e-con e-parent\" data-id=\"0e51bb1\" data-element_type=\"container\" data-e-type=\"container\">\n\t\t\t\t\t<div class=\"e-con-inner\">\n\t\t\t\t<div class=\"elementor-element elementor-element-52d28db7 elementor-widget elementor-widget-text-editor\" data-id=\"52d28db7\" data-element_type=\"widget\" data-e-type=\"widget\" data-widget_type=\"text-editor.default\">\n\t\t\t\t<div class=\"elementor-widget-container\">\n\t\t\t\t\t\t\t\t\t<p>G\u00fcmr\u00fck sigorta organizasyon hizmeti, ithalat ve ihracat i\u015flemlerinde ta\u015f\u0131nan mallar\u0131n potansiyel risklere kar\u015f\u0131 g\u00fcvence alt\u0131na al\u0131nmas\u0131n\u0131 sa\u011flayan bir hizmettir. Bu hizmet, uluslararas\u0131 ta\u015f\u0131mac\u0131l\u0131k s\u00fcrecinde olu\u015fabilecek hasar, kay\u0131p veya gecikme gibi risklere kar\u015f\u0131 koruma sunar. G\u00fcmr\u00fck ve sigorta s\u00fcre\u00e7lerinin bir arada organize edilmesi, firmalar\u0131n ticari operasyonlar\u0131n\u0131 daha g\u00fcvenli ve sorunsuz bir \u015fekilde y\u00fcr\u00fctmelerine olanak tan\u0131r.<\/p><p><strong>Platform G\u00fcmr\u00fckleme Olarak Verilecek hizmetlerin kapsam\u0131 \u015funlar\u0131 i\u00e7erir:<\/strong><\/p><p>&#8211; Ta\u015f\u0131nan mallar i\u00e7in uygun sigorta poli\u00e7elerinin belirlenmesi ve d\u00fczenlenmesi (nakliye sigortas\u0131, kargo sigortas\u0131 vb.)<br \/>&#8211; G\u00fcmr\u00fck i\u015flemleri s\u0131ras\u0131nda sigorta belgelerinin y\u00f6netimi ve takibi<br \/>&#8211; Sigorta kapsam\u0131nda olu\u015fabilecek hasar ya da kay\u0131plar\u0131n tespiti ve tazminat s\u00fcre\u00e7lerinin ba\u015flat\u0131lmas\u0131<br \/>&#8211; Sigortal\u0131 mal\u0131n g\u00fcmr\u00fckten ge\u00e7i\u015f s\u00fcrecindeki risk analizlerinin yap\u0131lmas\u0131<br \/>&#8211; G\u00fcmr\u00fck vergileri ve sigorta kapsam\u0131ndaki muafiyetlerin de\u011ferlendirilmesi<\/p><p>Bu hizmet sayesinde firmalar, mallar\u0131n\u0131 hem g\u00fcmr\u00fck hem de sigorta a\u00e7\u0131s\u0131ndan g\u00fcvenceye alarak olas\u0131 maddi kay\u0131plar\u0131n \u00f6n\u00fcne ge\u00e7erler.<\/p>\t\t\t\t\t\t\t\t<\/div>\n\t\t\t\t<\/div>\n\t\t\t\t\t<\/div>\n\t\t\t\t<\/div>\n\t\t<div class=\"elementor-element elementor-element-14a5c6c e-flex e-con-boxed e-con e-parent\" data-id=\"14a5c6c\" data-element_type=\"container\" data-e-type=\"container\">\n\t\t\t\t\t<div class=\"e-con-inner\">\n\t\t\t\t<div class=\"elementor-element elementor-element-7256dee elementor-widget elementor-widget-image\" data-id=\"7256dee\" data-element_type=\"widget\" data-e-type=\"widget\" data-widget_type=\"image.default\">\n\t\t\t\t<div class=\"elementor-widget-container\">\n\t\t\t\t\t\t\t\t\t\t\t\t\t\t\t<img fetchpriority=\"high\" decoding=\"async\" width=\"1920\" height=\"1281\" src=\"https:\/\/platformgumrukleme.com.tr\/wp-content\/uploads\/2024\/09\/insurance-policy-agreement-terms-document-concept.jpg\" class=\"attachment-full size-full wp-image-1025\" alt=\"\" srcset=\"https:\/\/platformgumrukleme.com.tr\/wp-content\/uploads\/2024\/09\/insurance-policy-agreement-terms-document-concept.jpg 1920w, https:\/\/platformgumrukleme.com.tr\/wp-content\/uploads\/2024\/09\/insurance-policy-agreement-terms-document-concept-300x200.jpg 300w, https:\/\/platformgumrukleme.com.tr\/wp-content\/uploads\/2024\/09\/insurance-policy-agreement-terms-document-concept-1024x683.jpg 1024w, https:\/\/platformgumrukleme.com.tr\/wp-content\/uploads\/2024\/09\/insurance-policy-agreement-terms-document-concept-768x512.jpg 768w, https:\/\/platformgumrukleme.com.tr\/wp-content\/uploads\/2024\/09\/insurance-policy-agreement-terms-document-concept-1536x1025.jpg 1536w\" sizes=\"(max-width: 1920px) 100vw, 1920px\" \/>\t\t\t\t\t\t\t\t\t\t\t\t\t\t\t<\/div>\n\t\t\t\t<\/div>\n\t\t\t\t\t<\/div>\n\t\t\t\t<\/div>\n\t\t<div class=\"elementor-element elementor-element-f2f6545 e-flex e-con-boxed e-con e-parent\" data-id=\"f2f6545\" data-element_type=\"container\" data-e-type=\"container\">\n\t\t\t\t\t<div class=\"e-con-inner\">\n\t\t\t\t<div class=\"elementor-element elementor-element-251e9c5 elementor-widget elementor-widget-spacer\" data-id=\"251e9c5\" data-element_type=\"widget\" data-e-type=\"widget\" data-widget_type=\"spacer.default\">\n\t\t\t\t<div class=\"elementor-widget-container\">\n\t\t\t\t\t\t\t<div class=\"elementor-spacer\">\n\t\t\t<div class=\"elementor-spacer-inner\"><\/div>\n\t\t<\/div>\n\t\t\t\t\t\t<\/div>\n\t\t\t\t<\/div>\n\t\t\t\t\t<\/div>\n\t\t\t\t<\/div>\n\t\t\t\t<\/div>\n\t\t","protected":false},"excerpt":{"rendered":"<p>Sigorta organizasyon hizmeti G\u00fcmr\u00fck sigorta organizasyon hizmeti, ithalat ve ihracat i\u015flemlerinde ta\u015f\u0131nan mallar\u0131n potansiyel risklere kar\u015f\u0131 g\u00fcvence alt\u0131na al\u0131nmas\u0131n\u0131 sa\u011flayan bir hizmettir. Bu hizmet, uluslararas\u0131 ta\u015f\u0131mac\u0131l\u0131k s\u00fcrecinde olu\u015fabilecek hasar, kay\u0131p veya gecikme gibi risklere kar\u015f\u0131 koruma sunar. G\u00fcmr\u00fck ve sigorta s\u00fcre\u00e7lerinin bir arada organize edilmesi, firmalar\u0131n ticari operasyonlar\u0131n\u0131 daha g\u00fcvenli ve sorunsuz bir \u015fekilde y\u00fcr\u00fctmelerine [&hellip;]<\/p>\n","protected":false},"author":1,"featured_media":0,"parent":0,"menu_order":0,"comment_status":"closed","ping_status":"closed","template":"elementor_header_footer","meta":{"footnotes":""},"class_list":["post-1023","page","type-page","status-publish","hentry"],"_links":{"self":[{"href":"https:\/\/platformgumrukleme.com.tr\/index.php\/wp-json\/wp\/v2\/pages\/1023","targetHints":{"allow":["GET"]}}],"collection":[{"href":"https:\/\/platformgumrukleme.com.tr\/index.php\/wp-json\/wp\/v2\/pages"}],"about":[{"href":"https:\/\/platformgumrukleme.com.tr\/index.php\/wp-json\/wp\/v2\/types\/page"}],"author":[{"embeddable":true,"href":"https:\/\/platformgumrukleme.com.tr\/index.php\/wp-json\/wp\/v2\/users\/1"}],"replies":[{"embeddable":true,"href":"https:\/\/platformgumrukleme.com.tr\/index.php\/wp-json\/wp\/v2\/comments?post=1023"}],"version-history":[{"count":10,"href":"https:\/\/platformgumrukleme.com.tr\/index.php\/wp-json\/wp\/v2\/pages\/1023\/revisions"}],"predecessor-version":[{"id":1228,"href":"https:\/\/platformgumrukleme.com.tr\/index.php\/wp-json\/wp\/v2\/pages\/1023\/revisions\/1228"}],"wp:attachment":[{"href":"https:\/\/platformgumrukleme.com.tr\/index.php\/wp-json\/wp\/v2\/media?parent=1023"}],"curies":[{"name":"wp","href":"https:\/\/api.w.org\/{rel}","templated":true}]}}