{"id":1006,"date":"2024-09-15T00:56:11","date_gmt":"2024-09-14T21:56:11","guid":{"rendered":"https:\/\/platformgumrukleme.com.tr\/?page_id=1006"},"modified":"2024-09-15T23:28:43","modified_gmt":"2024-09-15T20:28:43","slug":"belgelendirme-ve-izin-hizmetleri","status":"publish","type":"page","link":"https:\/\/platformgumrukleme.com.tr\/index.php\/belgelendirme-ve-izin-hizmetleri\/","title":{"rendered":"Belgelendirme ve \u0130zin Hizmetleri"},"content":{"rendered":"<style>.elementor-1006 .elementor-element.elementor-element-35c4e2b9{--display:flex;--flex-direction:row;--container-widget-width:initial;--container-widget-height:100%;--container-widget-flex-grow:1;--container-widget-align-self:stretch;--flex-wrap-mobile:wrap;--gap:0px 0px;--row-gap:0px;--column-gap:0px;--overlay-opacity:0.8;--margin-top:0px;--margin-bottom:0px;--margin-left:0px;--margin-right:0px;--padding-top:120px;--padding-bottom:120px;--padding-left:0px;--padding-right:0px;}.elementor-1006 .elementor-element.elementor-element-35c4e2b9:not(.elementor-motion-effects-element-type-background), .elementor-1006 .elementor-element.elementor-element-35c4e2b9 > .elementor-motion-effects-container > .elementor-motion-effects-layer{background-image:url(\"https:\/\/platformgumrukleme.com.tr\/wp-content\/uploads\/2024\/09\/headers-new.png\");background-position:center center;background-repeat:no-repeat;background-size:cover;}.elementor-1006 .elementor-element.elementor-element-35c4e2b9::before, .elementor-1006 .elementor-element.elementor-element-35c4e2b9 > .elementor-background-video-container::before, .elementor-1006 .elementor-element.elementor-element-35c4e2b9 > .e-con-inner > .elementor-background-video-container::before, .elementor-1006 .elementor-element.elementor-element-35c4e2b9 > .elementor-background-slideshow::before, .elementor-1006 .elementor-element.elementor-element-35c4e2b9 > .e-con-inner > .elementor-background-slideshow::before, .elementor-1006 .elementor-element.elementor-element-35c4e2b9 > .elementor-motion-effects-container > .elementor-motion-effects-layer::before{--background-overlay:'';background-color:transparent;background-image:linear-gradient(90deg, var( --e-global-color-3737bc3 ) 30%, #00000003 100%);}.elementor-1006 .elementor-element.elementor-element-5d90f9f7{--display:flex;--flex-direction:column;--container-widget-width:100%;--container-widget-height:initial;--container-widget-flex-grow:0;--container-widget-align-self:initial;--flex-wrap-mobile:wrap;--gap:0px 0px;--row-gap:0px;--column-gap:0px;--margin-top:0px;--margin-bottom:0px;--margin-left:0px;--margin-right:0px;--padding-top:0px;--padding-bottom:0px;--padding-left:0px;--padding-right:0px;}.elementor-1006 .elementor-element.elementor-element-4408bd1f{text-align:start;}.elementor-1006 .elementor-element.elementor-element-4408bd1f .elementor-heading-title{font-family:\"Bebas Neue\", Sans-serif;font-size:65px;font-weight:700;text-transform:capitalize;line-height:71px;letter-spacing:0px;color:var( --e-global-color-6f8b727 );}.elementor-1006 .elementor-element.elementor-element-4408bd1f > .elementor-widget-container{margin:0px 0px 0px 0px;padding:0px 0px 0px 0px;}.elementor-1006 .elementor-element.elementor-element-ce318d8{--display:flex;--flex-direction:column;--container-widget-width:100%;--container-widget-height:initial;--container-widget-flex-grow:0;--container-widget-align-self:initial;--flex-wrap-mobile:wrap;}.elementor-1006 .elementor-element.elementor-element-225fda2{--spacer-size:50px;}.elementor-1006 .elementor-element.elementor-element-01a4473{--display:flex;--flex-direction:column;--container-widget-width:100%;--container-widget-height:initial;--container-widget-flex-grow:0;--container-widget-align-self:initial;--flex-wrap-mobile:wrap;}.elementor-1006 .elementor-element.elementor-element-1afce9b{text-align:justify;}.elementor-1006 .elementor-element.elementor-element-c1c34eb{--display:flex;--flex-direction:column;--container-widget-width:100%;--container-widget-height:initial;--container-widget-flex-grow:0;--container-widget-align-self:initial;--flex-wrap-mobile:wrap;}.elementor-1006 .elementor-element.elementor-element-202218a img{width:100%;}.elementor-1006 .elementor-element.elementor-element-f2f6545{--display:flex;--flex-direction:column;--container-widget-width:100%;--container-widget-height:initial;--container-widget-flex-grow:0;--container-widget-align-self:initial;--flex-wrap-mobile:wrap;}.elementor-1006 .elementor-element.elementor-element-251e9c5{--spacer-size:50px;}:root{--page-title-display:none;}@media(max-width:1024px){.elementor-1006 .elementor-element.elementor-element-35c4e2b9{--margin-top:0px;--margin-bottom:0px;--margin-left:0px;--margin-right:0px;--padding-top:100px;--padding-bottom:100px;--padding-left:20px;--padding-right:20px;}.elementor-1006 .elementor-element.elementor-element-4408bd1f .elementor-heading-title{font-size:50px;line-height:56px;}}@media(max-width:767px){.elementor-1006 .elementor-element.elementor-element-35c4e2b9{--padding-top:100px;--padding-bottom:100px;--padding-left:20px;--padding-right:20px;}.elementor-1006 .elementor-element.elementor-element-4408bd1f{text-align:center;}.elementor-1006 .elementor-element.elementor-element-4408bd1f .elementor-heading-title{font-size:38px;line-height:44px;}}<\/style>\t\t<div data-elementor-type=\"wp-page\" data-elementor-id=\"1006\" class=\"elementor elementor-1006\">\n\t\t\t\t<div class=\"elementor-element elementor-element-35c4e2b9 e-con-full e-flex e-con e-parent\" data-id=\"35c4e2b9\" data-element_type=\"container\" data-e-type=\"container\" data-settings=\"{&quot;background_background&quot;:&quot;classic&quot;}\">\n\t\t<div class=\"elementor-element elementor-element-5d90f9f7 e-flex e-con-boxed e-con e-child\" data-id=\"5d90f9f7\" data-element_type=\"container\" data-e-type=\"container\">\n\t\t\t\t\t<div class=\"e-con-inner\">\n\t\t\t\t<div class=\"elementor-element elementor-element-4408bd1f elementor-widget elementor-widget-heading\" data-id=\"4408bd1f\" data-element_type=\"widget\" data-e-type=\"widget\" data-widget_type=\"heading.default\">\n\t\t\t\t<div class=\"elementor-widget-container\">\n\t\t\t\t\t<h2 class=\"elementor-heading-title elementor-size-default\">BELGELEND\u0130RME VE \u0130Z\u0130N H\u0130ZMETLER\u0130<\/h2>\t\t\t\t<\/div>\n\t\t\t\t<\/div>\n\t\t\t\t\t<\/div>\n\t\t\t\t<\/div>\n\t\t\t\t<\/div>\n\t\t<div class=\"elementor-element elementor-element-ce318d8 e-flex e-con-boxed e-con e-parent\" data-id=\"ce318d8\" data-element_type=\"container\" data-e-type=\"container\">\n\t\t\t\t\t<div class=\"e-con-inner\">\n\t\t\t\t<div class=\"elementor-element elementor-element-225fda2 elementor-widget elementor-widget-spacer\" data-id=\"225fda2\" data-element_type=\"widget\" data-e-type=\"widget\" data-widget_type=\"spacer.default\">\n\t\t\t\t<div class=\"elementor-widget-container\">\n\t\t\t\t\t\t\t<div class=\"elementor-spacer\">\n\t\t\t<div class=\"elementor-spacer-inner\"><\/div>\n\t\t<\/div>\n\t\t\t\t\t\t<\/div>\n\t\t\t\t<\/div>\n\t\t\t\t\t<\/div>\n\t\t\t\t<\/div>\n\t\t<div class=\"elementor-element elementor-element-01a4473 e-flex e-con-boxed e-con e-parent\" data-id=\"01a4473\" data-element_type=\"container\" data-e-type=\"container\">\n\t\t\t\t\t<div class=\"e-con-inner\">\n\t\t\t\t<div class=\"elementor-element elementor-element-1afce9b elementor-widget elementor-widget-text-editor\" data-id=\"1afce9b\" data-element_type=\"widget\" data-e-type=\"widget\" data-widget_type=\"text-editor.default\">\n\t\t\t\t<div class=\"elementor-widget-container\">\n\t\t\t\t\t\t\t\t\t<p>G\u00fcmr\u00fck belgelendirme ve izin hizmetleri, ithalat ve ihracat i\u015flemlerinde gerekli olan belgelerin d\u00fczenlenmesi ve resmi izinlerin al\u0131nmas\u0131n\u0131 kapsar. Bu hizmetler, uluslararas\u0131 ticaretle u\u011fra\u015fan firmalar i\u00e7in olduk\u00e7a \u00f6nemlidir \u00e7\u00fcnk\u00fc \u00fclkelerin g\u00fcmr\u00fck kurallar\u0131 ve mevzuatlar\u0131na uyum sa\u011flamak gerekir.<br \/><br \/>Genellikle \u015fu i\u015flemleri i\u00e7erir:<br \/><br \/>\u2022\u2060 \u2060G\u00fcmr\u00fck beyannamesi haz\u0131rlanmas\u0131<br \/>\u2022\u2060 \u2060\u0130thalat ve ihracat izinlerinin al\u0131nmas\u0131<br \/>\u2022\u2060 \u2060G\u00fcmr\u00fck vergisi hesaplamalar\u0131<br \/>\u2022\u2060 \u2060\u00dcr\u00fcnlerin uygunluk sertifikalar\u0131n\u0131n temini (CE belgesi, men\u015fe \u015fahadetnamesi gibi)<br \/>\u2022\u2060 \u2060Nakliye ve sigorta belgelerinin d\u00fczenlenmesi<br \/>\u2022\u2060 \u2060G\u00fcmr\u00fck muafiyetleri i\u00e7in ba\u015fvurular\u0131n yap\u0131lmas\u0131<\/p><p>\u0130zinler ve Belgelendirme Hizmetleri D\u0131\u015f ticaret i\u015flemlerinde i\u015flemin t\u00fcr\u00fcne g\u00f6re de\u011fi\u015fik s\u00fcre\u00e7ler olabilmektedir. Dahilde i\u015fleme i\u00e7in yat\u0131r\u0131m te\u015fvik i\u00e7in \u00fcr\u00fcn cinsine g\u00f6re ithalat veya ihracat i\u015flemlerinde de\u011fi\u015fik kurumlardan uygunluk veya kontrol belgesi ad\u0131 alt\u0131nda belge temini gerekebilir. Firmam\u0131z b\u00fct\u00fcn bu hizmetleri verecek \u015fekilde yap\u0131lanm\u0131\u015ft\u0131r.<br \/>Bu hizmetler sayesinde ticaret i\u015flemleri h\u0131zland\u0131r\u0131l\u0131r ve yasal uyum sa\u011flan\u0131r.<\/p>\t\t\t\t\t\t\t\t<\/div>\n\t\t\t\t<\/div>\n\t\t\t\t\t<\/div>\n\t\t\t\t<\/div>\n\t\t<div class=\"elementor-element elementor-element-c1c34eb e-flex e-con-boxed e-con e-parent\" data-id=\"c1c34eb\" data-element_type=\"container\" data-e-type=\"container\">\n\t\t\t\t\t<div class=\"e-con-inner\">\n\t\t\t\t<div class=\"elementor-element elementor-element-202218a elementor-widget elementor-widget-image\" data-id=\"202218a\" data-element_type=\"widget\" data-e-type=\"widget\" data-widget_type=\"image.default\">\n\t\t\t\t<div class=\"elementor-widget-container\">\n\t\t\t\t\t\t\t\t\t\t\t\t\t\t\t<img fetchpriority=\"high\" decoding=\"async\" width=\"1080\" height=\"1080\" src=\"https:\/\/platformgumrukleme.com.tr\/wp-content\/uploads\/2024\/09\/eselele.jpg\" class=\"attachment-full size-full wp-image-1008\" alt=\"\" srcset=\"https:\/\/platformgumrukleme.com.tr\/wp-content\/uploads\/2024\/09\/eselele.jpg 1080w, https:\/\/platformgumrukleme.com.tr\/wp-content\/uploads\/2024\/09\/eselele-300x300.jpg 300w, https:\/\/platformgumrukleme.com.tr\/wp-content\/uploads\/2024\/09\/eselele-1024x1024.jpg 1024w, https:\/\/platformgumrukleme.com.tr\/wp-content\/uploads\/2024\/09\/eselele-150x150.jpg 150w, https:\/\/platformgumrukleme.com.tr\/wp-content\/uploads\/2024\/09\/eselele-768x768.jpg 768w\" sizes=\"(max-width: 1080px) 100vw, 1080px\" \/>\t\t\t\t\t\t\t\t\t\t\t\t\t\t\t<\/div>\n\t\t\t\t<\/div>\n\t\t\t\t\t<\/div>\n\t\t\t\t<\/div>\n\t\t<div class=\"elementor-element elementor-element-f2f6545 e-flex e-con-boxed e-con e-parent\" data-id=\"f2f6545\" data-element_type=\"container\" data-e-type=\"container\">\n\t\t\t\t\t<div class=\"e-con-inner\">\n\t\t\t\t<div class=\"elementor-element elementor-element-251e9c5 elementor-widget elementor-widget-spacer\" data-id=\"251e9c5\" data-element_type=\"widget\" data-e-type=\"widget\" data-widget_type=\"spacer.default\">\n\t\t\t\t<div class=\"elementor-widget-container\">\n\t\t\t\t\t\t\t<div class=\"elementor-spacer\">\n\t\t\t<div class=\"elementor-spacer-inner\"><\/div>\n\t\t<\/div>\n\t\t\t\t\t\t<\/div>\n\t\t\t\t<\/div>\n\t\t\t\t\t<\/div>\n\t\t\t\t<\/div>\n\t\t\t\t<\/div>\n\t\t","protected":false},"excerpt":{"rendered":"<p>BELGELEND\u0130RME VE \u0130Z\u0130N H\u0130ZMETLER\u0130 G\u00fcmr\u00fck belgelendirme ve izin hizmetleri, ithalat ve ihracat i\u015flemlerinde gerekli olan belgelerin d\u00fczenlenmesi ve resmi izinlerin al\u0131nmas\u0131n\u0131 kapsar. Bu hizmetler, uluslararas\u0131 ticaretle u\u011fra\u015fan firmalar i\u00e7in olduk\u00e7a \u00f6nemlidir \u00e7\u00fcnk\u00fc \u00fclkelerin g\u00fcmr\u00fck kurallar\u0131 ve mevzuatlar\u0131na uyum sa\u011flamak gerekir. Genellikle \u015fu i\u015flemleri i\u00e7erir: \u2022\u2060 \u2060G\u00fcmr\u00fck beyannamesi haz\u0131rlanmas\u0131\u2022\u2060 \u2060\u0130thalat ve ihracat izinlerinin al\u0131nmas\u0131\u2022\u2060 \u2060G\u00fcmr\u00fck vergisi [&hellip;]<\/p>\n","protected":false},"author":1,"featured_media":0,"parent":0,"menu_order":0,"comment_status":"closed","ping_status":"closed","template":"elementor_header_footer","meta":{"footnotes":""},"class_list":["post-1006","page","type-page","status-publish","hentry"],"_links":{"self":[{"href":"https:\/\/platformgumrukleme.com.tr\/index.php\/wp-json\/wp\/v2\/pages\/1006","targetHints":{"allow":["GET"]}}],"collection":[{"href":"https:\/\/platformgumrukleme.com.tr\/index.php\/wp-json\/wp\/v2\/pages"}],"about":[{"href":"https:\/\/platformgumrukleme.com.tr\/index.php\/wp-json\/wp\/v2\/types\/page"}],"author":[{"embeddable":true,"href":"https:\/\/platformgumrukleme.com.tr\/index.php\/wp-json\/wp\/v2\/users\/1"}],"replies":[{"embeddable":true,"href":"https:\/\/platformgumrukleme.com.tr\/index.php\/wp-json\/wp\/v2\/comments?post=1006"}],"version-history":[{"count":19,"href":"https:\/\/platformgumrukleme.com.tr\/index.php\/wp-json\/wp\/v2\/pages\/1006\/revisions"}],"predecessor-version":[{"id":1198,"href":"https:\/\/platformgumrukleme.com.tr\/index.php\/wp-json\/wp\/v2\/pages\/1006\/revisions\/1198"}],"wp:attachment":[{"href":"https:\/\/platformgumrukleme.com.tr\/index.php\/wp-json\/wp\/v2\/media?parent=1006"}],"curies":[{"name":"wp","href":"https:\/\/api.w.org\/{rel}","templated":true}]}}